{"id":960,"date":"2023-09-14T07:20:30","date_gmt":"2023-09-14T07:20:30","guid":{"rendered":"https:\/\/neu.mal-online.de\/?page_id=960"},"modified":"2024-04-05T13:23:37","modified_gmt":"2024-04-05T13:23:37","slug":"armaturen","status":"publish","type":"page","link":"https:\/\/mal-online.de\/en\/armaturen","title":{"rendered":"Valves"},"content":{"rendered":"<div data-elementor-type=\"wp-page\" data-elementor-id=\"960\" class=\"elementor elementor-960\" data-elementor-post-type=\"page\">\n\t\t\t\t<div class=\"elementor-element elementor-element-9f4701c e-con-full e-flex e-con e-parent\" data-id=\"9f4701c\" data-element_type=\"container\" data-settings=\"{&quot;background_background&quot;:&quot;classic&quot;}\">\n\t\t\t\t<div class=\"elementor-element elementor-element-7b3c42e elementor-widget elementor-widget-heading\" data-id=\"7b3c42e\" data-element_type=\"widget\" data-widget_type=\"heading.default\">\n\t\t\t\t<div class=\"elementor-widget-container\">\n\t\t\t\t\t<h1 class=\"elementor-heading-title elementor-size-default\">Industrial Valves and fittings<\/h1>\t\t\t\t<\/div>\n\t\t\t\t<\/div>\n\t\t\t\t<\/div>\n\t\t<div class=\"elementor-element elementor-element-d287d8e e-flex e-con-boxed e-con e-parent\" data-id=\"d287d8e\" data-element_type=\"container\">\n\t\t\t\t\t<div class=\"e-con-inner\">\n\t\t<div class=\"elementor-element elementor-element-f79ce8c e-con-full e-flex e-con e-child\" data-id=\"f79ce8c\" data-element_type=\"container\" data-settings=\"{&quot;background_background&quot;:&quot;classic&quot;}\">\n\t\t<div class=\"elementor-element elementor-element-3c3d341 e-flex e-con-boxed elementor-invisible e-con e-child\" data-id=\"3c3d341\" data-element_type=\"container\" data-settings=\"{&quot;background_background&quot;:&quot;classic&quot;,&quot;animation&quot;:&quot;zoomIn&quot;}\">\n\t\t\t\t\t<div class=\"e-con-inner\">\n\t\t\t\t\t<\/div>\n\t\t\t\t<\/div>\n\t\t\t\t<\/div>\n\t\t<div class=\"elementor-element elementor-element-aa675fc e-con-full e-flex e-con e-child\" data-id=\"aa675fc\" data-element_type=\"container\" data-settings=\"{&quot;background_background&quot;:&quot;classic&quot;}\">\n\t\t\t\t<div class=\"elementor-element elementor-element-9eb1837 elementor-view-default elementor-widget elementor-widget-icon\" data-id=\"9eb1837\" data-element_type=\"widget\" data-widget_type=\"icon.default\">\n\t\t\t\t<div class=\"elementor-widget-container\">\n\t\t\t\t\t\t\t<div class=\"elementor-icon-wrapper\">\n\t\t\t<div class=\"elementor-icon\">\n\t\t\t<i aria-hidden=\"true\" class=\"fas fa-industry\"><\/i>\t\t\t<\/div>\n\t\t<\/div>\n\t\t\t\t\t\t<\/div>\n\t\t\t\t<\/div>\n\t\t\t\t<div class=\"elementor-element elementor-element-2fe6def elementor-widget elementor-widget-text-editor\" data-id=\"2fe6def\" data-element_type=\"widget\" data-widget_type=\"text-editor.default\">\n\t\t\t\t<div class=\"elementor-widget-container\">\n\t\t\t\t\t\t\t\t\tOnly professional maintenance and repair of industrial valves guarantees their fault-free functionality and ensures trouble-free operation. The range of services offered by MAL Lubmin GmbH includes the planning and execution of services on valves according to customer requirements in mobile workshops or in the workshops of our branches.\t\t\t\t\t\t\t\t<\/div>\n\t\t\t\t<\/div>\n\t\t\t\t<\/div>\n\t\t\t\t\t<\/div>\n\t\t\t\t<\/div>\n\t\t<div class=\"elementor-element elementor-element-2e7207d e-flex e-con-boxed e-con e-parent\" data-id=\"2e7207d\" data-element_type=\"container\">\n\t\t\t\t\t<div class=\"e-con-inner\">\n\t\t<div class=\"elementor-element elementor-element-e84ae3d e-con-full e-flex e-con e-child\" data-id=\"e84ae3d\" data-element_type=\"container\" data-settings=\"{&quot;background_background&quot;:&quot;classic&quot;}\">\n\t\t\t\t<div class=\"elementor-element elementor-element-97d58e8 elementor-view-default elementor-widget elementor-widget-icon\" data-id=\"97d58e8\" data-element_type=\"widget\" data-widget_type=\"icon.default\">\n\t\t\t\t<div class=\"elementor-widget-container\">\n\t\t\t\t\t\t\t<div class=\"elementor-icon-wrapper\">\n\t\t\t<div class=\"elementor-icon\">\n\t\t\t<i aria-hidden=\"true\" class=\"fas fa-pencil-ruler\"><\/i>\t\t\t<\/div>\n\t\t<\/div>\n\t\t\t\t\t\t<\/div>\n\t\t\t\t<\/div>\n\t\t\t\t<div class=\"elementor-element elementor-element-f073afe elementor-widget elementor-widget-text-editor\" data-id=\"f073afe\" data-element_type=\"widget\" data-widget_type=\"text-editor.default\">\n\t\t\t\t<div class=\"elementor-widget-container\">\n\t\t\t\t\t\t\t\t\tThe development and production of special fittings for customer-specific applications is a key focus of our company.\n\t\t\t\t\t\t\t\t<\/div>\n\t\t\t\t<\/div>\n\t\t\t\t<\/div>\n\t\t<div class=\"elementor-element elementor-element-613720d e-con-full e-flex e-con e-child\" data-id=\"613720d\" data-element_type=\"container\" data-settings=\"{&quot;background_background&quot;:&quot;classic&quot;}\">\n\t\t<div class=\"elementor-element elementor-element-ddfc8b7 e-flex e-con-boxed elementor-invisible e-con e-child\" data-id=\"ddfc8b7\" data-element_type=\"container\" data-settings=\"{&quot;background_background&quot;:&quot;classic&quot;,&quot;animation&quot;:&quot;zoomIn&quot;}\">\n\t\t\t\t\t<div class=\"e-con-inner\">\n\t\t\t\t\t<\/div>\n\t\t\t\t<\/div>\n\t\t\t\t<\/div>\n\t\t\t\t\t<\/div>\n\t\t\t\t<\/div>\n\t\t<div class=\"elementor-element elementor-element-3229b68 e-flex e-con-boxed e-con e-parent\" data-id=\"3229b68\" data-element_type=\"container\">\n\t\t\t\t\t<div class=\"e-con-inner\">\n\t\t<div class=\"elementor-element elementor-element-b79a6a2 e-con-full e-flex e-con e-child\" data-id=\"b79a6a2\" data-element_type=\"container\" data-settings=\"{&quot;background_background&quot;:&quot;classic&quot;}\">\n\t\t<div class=\"elementor-element elementor-element-40b2073 e-flex e-con-boxed elementor-invisible e-con e-child\" data-id=\"40b2073\" data-element_type=\"container\" data-settings=\"{&quot;background_background&quot;:&quot;classic&quot;,&quot;animation&quot;:&quot;zoomIn&quot;}\">\n\t\t\t\t\t<div class=\"e-con-inner\">\n\t\t\t\t\t<\/div>\n\t\t\t\t<\/div>\n\t\t\t\t<\/div>\n\t\t<div class=\"elementor-element elementor-element-1b462c6 e-con-full e-flex e-con e-child\" data-id=\"1b462c6\" data-element_type=\"container\" data-settings=\"{&quot;background_background&quot;:&quot;classic&quot;}\">\n\t\t\t\t<div class=\"elementor-element elementor-element-59aa0ba elementor-view-default elementor-widget elementor-widget-icon\" data-id=\"59aa0ba\" data-element_type=\"widget\" data-widget_type=\"icon.default\">\n\t\t\t\t<div class=\"elementor-widget-container\">\n\t\t\t\t\t\t\t<div class=\"elementor-icon-wrapper\">\n\t\t\t<div class=\"elementor-icon\">\n\t\t\t<i aria-hidden=\"true\" class=\"fas fa-tools\"><\/i>\t\t\t<\/div>\n\t\t<\/div>\n\t\t\t\t\t\t<\/div>\n\t\t\t\t<\/div>\n\t\t\t\t<div class=\"elementor-element elementor-element-4e981f3 elementor-widget elementor-widget-text-editor\" data-id=\"4e981f3\" data-element_type=\"widget\" data-widget_type=\"text-editor.default\">\n\t\t\t\t<div class=\"elementor-widget-container\">\n\t\t\t\t\t\t\t\t\tThrough reverse engineering, unavailable spare parts are manufactured independently of the manufacturer and within a very short time. Valves are also adapted to changed operating conditions. All work is carried out in accordance with current national and international standards and regulations and meets the highest safety and quality standards.\n\t\t\t\t\t\t\t\t<\/div>\n\t\t\t\t<\/div>\n\t\t\t\t<\/div>\n\t\t\t\t\t<\/div>\n\t\t\t\t<\/div>\n\t\t<div class=\"elementor-element elementor-element-9a25d52 e-flex e-con-boxed e-con e-parent\" data-id=\"9a25d52\" data-element_type=\"container\" data-settings=\"{&quot;background_background&quot;:&quot;classic&quot;}\">\n\t\t\t\t\t<div class=\"e-con-inner\">\n\t\t\t\t<div class=\"elementor-element elementor-element-668e465 elementor-align-center elementor-widget elementor-widget-button\" data-id=\"668e465\" data-element_type=\"widget\" data-widget_type=\"button.default\">\n\t\t\t\t<div class=\"elementor-widget-container\">\n\t\t\t\t\t\t\t\t\t<div class=\"elementor-button-wrapper\">\n\t\t\t\t\t<a class=\"elementor-button elementor-button-link elementor-size-lg\" href=\"\/en\/referenzen\/\">\n\t\t\t\t\t\t<span class=\"elementor-button-content-wrapper\">\n\t\t\t\t\t\t\t\t\t<span class=\"elementor-button-text\">References<\/span>\n\t\t\t\t\t<\/span>\n\t\t\t\t\t<\/a>\n\t\t\t\t<\/div>\n\t\t\t\t\t\t\t\t<\/div>\n\t\t\t\t<\/div>\n\t\t\t\t\t<\/div>\n\t\t\t\t<\/div>\n\t\t\t\t<\/div>","protected":false},"excerpt":{"rendered":"<p>Industriearmaturen Nur eine fachgerechte Wartung und Instandsetzung der Industriearmaturen garantiert deren fehlerfreie Funktionsf\u00e4higkeit und sichert st\u00f6rungsfreie Prozessabl\u00e4ufe. Das Spektrum der MAL Lubmin GmbH umfasst die Planung und Ausf\u00fchrung von Serviceleistungen nach Kundenwunsch an Armaturen in mobilen Werkst\u00e4tten vor Ort oder in den Werkst\u00e4tten unserer Niederlassungen. Die Entwicklung und Produktion von Sonderarmaturen f\u00fcr kundenspezifische Eins\u00e4tze sind [&hellip;]<\/p>","protected":false},"author":2,"featured_media":0,"parent":0,"menu_order":0,"comment_status":"closed","ping_status":"closed","template":"","meta":{"footnotes":""},"class_list":["post-960","page","type-page","status-publish","hentry"],"yoast_head":"<!-- This site is optimized with the Yoast SEO plugin v26.1.1 - https:\/\/yoast.com\/wordpress\/plugins\/seo\/ -->\n<title>Armaturen - MAL Maschinen- und Armaturenwerkstatt<\/title>\n<meta name=\"description\" content=\"Die Entwicklung und Produktion von Sonderarmaturen f\u00fcr kundenspezifische Eins\u00e4tze sind ein Schwerpunkt unseres Unternehmens.\" \/>\n<meta name=\"robots\" content=\"index, follow, max-snippet:-1, max-image-preview:large, max-video-preview:-1\" \/>\n<link rel=\"canonical\" href=\"https:\/\/mal-online.de\/en\/armaturen\/\" \/>\n<meta property=\"og:locale\" content=\"en_GB\" \/>\n<meta property=\"og:type\" content=\"article\" \/>\n<meta property=\"og:title\" content=\"Armaturen - MAL Maschinen- und Armaturenwerkstatt\" \/>\n<meta property=\"og:description\" content=\"Die Entwicklung und Produktion von Sonderarmaturen f\u00fcr kundenspezifische Eins\u00e4tze sind ein Schwerpunkt unseres Unternehmens.\" \/>\n<meta property=\"og:url\" content=\"https:\/\/mal-online.de\/en\/armaturen\/\" \/>\n<meta property=\"og:site_name\" content=\"MAL Maschinen- und Armaturenwerkstatt\" \/>\n<meta property=\"article:modified_time\" content=\"2024-04-05T13:23:37+00:00\" \/>\n<meta name=\"twitter:card\" content=\"summary_large_image\" \/>\n<meta name=\"twitter:label1\" content=\"Estimated reading time\" \/>\n\t<meta name=\"twitter:data1\" content=\"1 minute\" \/>\n<script type=\"application\/ld+json\" class=\"yoast-schema-graph\">{\"@context\":\"https:\/\/schema.org\",\"@graph\":[{\"@type\":\"WebPage\",\"@id\":\"https:\/\/mal-online.de\/armaturen\",\"url\":\"https:\/\/mal-online.de\/armaturen\",\"name\":\"Armaturen - MAL Maschinen- und Armaturenwerkstatt\",\"isPartOf\":{\"@id\":\"https:\/\/mal-online.de\/#website\"},\"datePublished\":\"2023-09-14T07:20:30+00:00\",\"dateModified\":\"2024-04-05T13:23:37+00:00\",\"description\":\"Die Entwicklung und Produktion von Sonderarmaturen f\u00fcr kundenspezifische Eins\u00e4tze sind ein Schwerpunkt unseres Unternehmens.\",\"breadcrumb\":{\"@id\":\"https:\/\/mal-online.de\/armaturen#breadcrumb\"},\"inLanguage\":\"en-GB\",\"potentialAction\":[{\"@type\":\"ReadAction\",\"target\":[\"https:\/\/mal-online.de\/armaturen\"]}]},{\"@type\":\"BreadcrumbList\",\"@id\":\"https:\/\/mal-online.de\/armaturen#breadcrumb\",\"itemListElement\":[{\"@type\":\"ListItem\",\"position\":1,\"name\":\"Startseite\",\"item\":\"https:\/\/mal-online.de\/\"},{\"@type\":\"ListItem\",\"position\":2,\"name\":\"Armaturen\"}]},{\"@type\":\"WebSite\",\"@id\":\"https:\/\/mal-online.de\/#website\",\"url\":\"https:\/\/mal-online.de\/\",\"name\":\"MAL Maschinen- und Armaturenwerkstatt Lubmin\",\"description\":\"\",\"publisher\":{\"@id\":\"https:\/\/mal-online.de\/#organization\"},\"potentialAction\":[{\"@type\":\"SearchAction\",\"target\":{\"@type\":\"EntryPoint\",\"urlTemplate\":\"https:\/\/mal-online.de\/?s={search_term_string}\"},\"query-input\":{\"@type\":\"PropertyValueSpecification\",\"valueRequired\":true,\"valueName\":\"search_term_string\"}}],\"inLanguage\":\"en-GB\"},{\"@type\":\"Organization\",\"@id\":\"https:\/\/mal-online.de\/#organization\",\"name\":\"MAL Maschinen- und Armaturenwerkstatt Lubmin\",\"url\":\"https:\/\/mal-online.de\/\",\"logo\":{\"@type\":\"ImageObject\",\"inLanguage\":\"en-GB\",\"@id\":\"https:\/\/mal-online.de\/#\/schema\/logo\/image\/\",\"url\":\"https:\/\/mal-online.de\/wp-content\/uploads\/2022\/12\/MAL-Logo-500x500-1.jpg\",\"contentUrl\":\"https:\/\/mal-online.de\/wp-content\/uploads\/2022\/12\/MAL-Logo-500x500-1.jpg\",\"width\":500,\"height\":500,\"caption\":\"MAL Maschinen- und Armaturenwerkstatt Lubmin\"},\"image\":{\"@id\":\"https:\/\/mal-online.de\/#\/schema\/logo\/image\/\"}}]}<\/script>\n<!-- \/ Yoast SEO plugin. -->","yoast_head_json":{"title":"Armaturen - MAL Maschinen- und Armaturenwerkstatt","description":"The development and production of special fittings for customer-specific applications is a key focus of our company.","robots":{"index":"index","follow":"follow","max-snippet":"max-snippet:-1","max-image-preview":"max-image-preview:large","max-video-preview":"max-video-preview:-1"},"canonical":"https:\/\/mal-online.de\/en\/armaturen\/","og_locale":"en_GB","og_type":"article","og_title":"Armaturen - MAL Maschinen- und Armaturenwerkstatt","og_description":"Die Entwicklung und Produktion von Sonderarmaturen f\u00fcr kundenspezifische Eins\u00e4tze sind ein Schwerpunkt unseres Unternehmens.","og_url":"https:\/\/mal-online.de\/en\/armaturen\/","og_site_name":"MAL Maschinen- und Armaturenwerkstatt","article_modified_time":"2024-04-05T13:23:37+00:00","twitter_card":"summary_large_image","twitter_misc":{"Estimated reading time":"1 minute"},"schema":{"@context":"https:\/\/schema.org","@graph":[{"@type":"WebPage","@id":"https:\/\/mal-online.de\/armaturen","url":"https:\/\/mal-online.de\/armaturen","name":"Armaturen - MAL Maschinen- und Armaturenwerkstatt","isPartOf":{"@id":"https:\/\/mal-online.de\/#website"},"datePublished":"2023-09-14T07:20:30+00:00","dateModified":"2024-04-05T13:23:37+00:00","description":"The development and production of special fittings for customer-specific applications is a key focus of our company.","breadcrumb":{"@id":"https:\/\/mal-online.de\/armaturen#breadcrumb"},"inLanguage":"en-GB","potentialAction":[{"@type":"ReadAction","target":["https:\/\/mal-online.de\/armaturen"]}]},{"@type":"BreadcrumbList","@id":"https:\/\/mal-online.de\/armaturen#breadcrumb","itemListElement":[{"@type":"ListItem","position":1,"name":"Startseite","item":"https:\/\/mal-online.de\/"},{"@type":"ListItem","position":2,"name":"Armaturen"}]},{"@type":"WebSite","@id":"https:\/\/mal-online.de\/#website","url":"https:\/\/mal-online.de\/","name":"MAL Maschinen- und Armaturenwerkstatt Lubmin","description":"","publisher":{"@id":"https:\/\/mal-online.de\/#organization"},"potentialAction":[{"@type":"SearchAction","target":{"@type":"EntryPoint","urlTemplate":"https:\/\/mal-online.de\/?s={search_term_string}"},"query-input":{"@type":"PropertyValueSpecification","valueRequired":true,"valueName":"search_term_string"}}],"inLanguage":"en-GB"},{"@type":"Organization","@id":"https:\/\/mal-online.de\/#organization","name":"MAL Maschinen- und Armaturenwerkstatt Lubmin","url":"https:\/\/mal-online.de\/","logo":{"@type":"ImageObject","inLanguage":"en-GB","@id":"https:\/\/mal-online.de\/#\/schema\/logo\/image\/","url":"https:\/\/mal-online.de\/wp-content\/uploads\/2022\/12\/MAL-Logo-500x500-1.jpg","contentUrl":"https:\/\/mal-online.de\/wp-content\/uploads\/2022\/12\/MAL-Logo-500x500-1.jpg","width":500,"height":500,"caption":"MAL Maschinen- und Armaturenwerkstatt Lubmin"},"image":{"@id":"https:\/\/mal-online.de\/#\/schema\/logo\/image\/"}}]}},"_links":{"self":[{"href":"https:\/\/mal-online.de\/en\/wp-json\/wp\/v2\/pages\/960","targetHints":{"allow":["GET"]}}],"collection":[{"href":"https:\/\/mal-online.de\/en\/wp-json\/wp\/v2\/pages"}],"about":[{"href":"https:\/\/mal-online.de\/en\/wp-json\/wp\/v2\/types\/page"}],"author":[{"embeddable":true,"href":"https:\/\/mal-online.de\/en\/wp-json\/wp\/v2\/users\/2"}],"replies":[{"embeddable":true,"href":"https:\/\/mal-online.de\/en\/wp-json\/wp\/v2\/comments?post=960"}],"version-history":[{"count":67,"href":"https:\/\/mal-online.de\/en\/wp-json\/wp\/v2\/pages\/960\/revisions"}],"predecessor-version":[{"id":2173,"href":"https:\/\/mal-online.de\/en\/wp-json\/wp\/v2\/pages\/960\/revisions\/2173"}],"wp:attachment":[{"href":"https:\/\/mal-online.de\/en\/wp-json\/wp\/v2\/media?parent=960"}],"curies":[{"name":"wp","href":"https:\/\/api.w.org\/{rel}","templated":true}]}}