{"id":934,"date":"2023-09-14T06:20:15","date_gmt":"2023-09-14T06:20:15","guid":{"rendered":"https:\/\/neu.mal-online.de\/?page_id=934"},"modified":"2024-03-19T06:19:59","modified_gmt":"2024-03-19T06:19:59","slug":"pumpen","status":"publish","type":"page","link":"https:\/\/mal-online.de\/en\/pumpen","title":{"rendered":"Pumps"},"content":{"rendered":"<div data-elementor-type=\"wp-page\" data-elementor-id=\"934\" class=\"elementor elementor-934\" data-elementor-post-type=\"page\">\n\t\t\t\t<div class=\"elementor-element elementor-element-9f4701c e-con-full e-flex e-con e-parent\" data-id=\"9f4701c\" data-element_type=\"container\" data-settings=\"{&quot;background_background&quot;:&quot;classic&quot;}\">\n\t\t\t\t<div class=\"elementor-element elementor-element-7b3c42e elementor-widget elementor-widget-heading\" data-id=\"7b3c42e\" data-element_type=\"widget\" data-widget_type=\"heading.default\">\n\t\t\t\t<div class=\"elementor-widget-container\">\n\t\t\t\t\t<h1 class=\"elementor-heading-title elementor-size-default\">Efficient industrial pumps<\/h1>\t\t\t\t<\/div>\n\t\t\t\t<\/div>\n\t\t\t\t<\/div>\n\t\t<div class=\"elementor-element elementor-element-d287d8e e-flex e-con-boxed e-con e-parent\" data-id=\"d287d8e\" data-element_type=\"container\">\n\t\t\t\t\t<div class=\"e-con-inner\">\n\t\t<div class=\"elementor-element elementor-element-f79ce8c e-con-full e-flex e-con e-child\" data-id=\"f79ce8c\" data-element_type=\"container\" data-settings=\"{&quot;background_background&quot;:&quot;classic&quot;}\">\n\t\t<div class=\"elementor-element elementor-element-3c3d341 e-flex e-con-boxed elementor-invisible e-con e-child\" data-id=\"3c3d341\" data-element_type=\"container\" data-settings=\"{&quot;background_background&quot;:&quot;classic&quot;,&quot;animation&quot;:&quot;zoomIn&quot;}\">\n\t\t\t\t\t<div class=\"e-con-inner\">\n\t\t\t\t\t<\/div>\n\t\t\t\t<\/div>\n\t\t\t\t<\/div>\n\t\t<div class=\"elementor-element elementor-element-aa675fc e-con-full e-flex e-con e-child\" data-id=\"aa675fc\" data-element_type=\"container\" data-settings=\"{&quot;background_background&quot;:&quot;classic&quot;}\">\n\t\t\t\t<div class=\"elementor-element elementor-element-9eb1837 elementor-view-default elementor-widget elementor-widget-icon\" data-id=\"9eb1837\" data-element_type=\"widget\" data-widget_type=\"icon.default\">\n\t\t\t\t<div class=\"elementor-widget-container\">\n\t\t\t\t\t\t\t<div class=\"elementor-icon-wrapper\">\n\t\t\t<div class=\"elementor-icon\">\n\t\t\t<i aria-hidden=\"true\" class=\"fas fa-industry\"><\/i>\t\t\t<\/div>\n\t\t<\/div>\n\t\t\t\t\t\t<\/div>\n\t\t\t\t<\/div>\n\t\t\t\t<div class=\"elementor-element elementor-element-2fe6def elementor-widget elementor-widget-text-editor\" data-id=\"2fe6def\" data-element_type=\"widget\" data-widget_type=\"text-editor.default\">\n\t\t\t\t<div class=\"elementor-widget-container\">\n\t\t\t\t\t\t\t\t\t<p>The refurbishing and repair of industrial pumps help to minimize downtime, extend functional lifespan, and maintains effective production processes across multiple industries.<\/p><p>This is one of our company's core competencies.<\/p>\t\t\t\t\t\t\t\t<\/div>\n\t\t\t\t<\/div>\n\t\t\t\t<\/div>\n\t\t\t\t\t<\/div>\n\t\t\t\t<\/div>\n\t\t<div class=\"elementor-element elementor-element-2e7207d e-flex e-con-boxed e-con e-parent\" data-id=\"2e7207d\" data-element_type=\"container\">\n\t\t\t\t\t<div class=\"e-con-inner\">\n\t\t<div class=\"elementor-element elementor-element-e84ae3d e-con-full e-flex e-con e-child\" data-id=\"e84ae3d\" data-element_type=\"container\" data-settings=\"{&quot;background_background&quot;:&quot;classic&quot;}\">\n\t\t\t\t<div class=\"elementor-element elementor-element-97d58e8 elementor-view-default elementor-widget elementor-widget-icon\" data-id=\"97d58e8\" data-element_type=\"widget\" data-widget_type=\"icon.default\">\n\t\t\t\t<div class=\"elementor-widget-container\">\n\t\t\t\t\t\t\t<div class=\"elementor-icon-wrapper\">\n\t\t\t<div class=\"elementor-icon\">\n\t\t\t<i aria-hidden=\"true\" class=\"fas fa-tools\"><\/i>\t\t\t<\/div>\n\t\t<\/div>\n\t\t\t\t\t\t<\/div>\n\t\t\t\t<\/div>\n\t\t\t\t<div class=\"elementor-element elementor-element-f073afe elementor-widget elementor-widget-text-editor\" data-id=\"f073afe\" data-element_type=\"widget\" data-widget_type=\"text-editor.default\">\n\t\t\t\t<div class=\"elementor-widget-container\">\n\t\t\t\t\t\t\t\t\t<p>Reverse engineering is used to redesign, optimize, design or adapt and manufacture spare parts that are no longer available in a manufacturer-neutral manner.<\/p>\t\t\t\t\t\t\t\t<\/div>\n\t\t\t\t<\/div>\n\t\t\t\t<\/div>\n\t\t<div class=\"elementor-element elementor-element-613720d e-con-full e-flex e-con e-child\" data-id=\"613720d\" data-element_type=\"container\" data-settings=\"{&quot;background_background&quot;:&quot;classic&quot;}\">\n\t\t<div class=\"elementor-element elementor-element-ddfc8b7 e-flex e-con-boxed elementor-invisible e-con e-child\" data-id=\"ddfc8b7\" data-element_type=\"container\" data-settings=\"{&quot;background_background&quot;:&quot;classic&quot;,&quot;animation&quot;:&quot;zoomIn&quot;}\">\n\t\t\t\t\t<div class=\"e-con-inner\">\n\t\t\t\t\t<\/div>\n\t\t\t\t<\/div>\n\t\t\t\t<\/div>\n\t\t\t\t\t<\/div>\n\t\t\t\t<\/div>\n\t\t<div class=\"elementor-element elementor-element-3229b68 e-flex e-con-boxed e-con e-parent\" data-id=\"3229b68\" data-element_type=\"container\">\n\t\t\t\t\t<div class=\"e-con-inner\">\n\t\t<div class=\"elementor-element elementor-element-b79a6a2 e-con-full e-flex e-con e-child\" data-id=\"b79a6a2\" data-element_type=\"container\" data-settings=\"{&quot;background_background&quot;:&quot;classic&quot;}\">\n\t\t<div class=\"elementor-element elementor-element-40b2073 e-flex e-con-boxed elementor-invisible e-con e-child\" data-id=\"40b2073\" data-element_type=\"container\" data-settings=\"{&quot;background_background&quot;:&quot;classic&quot;,&quot;animation&quot;:&quot;zoomIn&quot;}\">\n\t\t\t\t\t<div class=\"e-con-inner\">\n\t\t\t\t\t<\/div>\n\t\t\t\t<\/div>\n\t\t\t\t<\/div>\n\t\t<div class=\"elementor-element elementor-element-1b462c6 e-con-full e-flex e-con e-child\" data-id=\"1b462c6\" data-element_type=\"container\" data-settings=\"{&quot;background_background&quot;:&quot;classic&quot;}\">\n\t\t\t\t<div class=\"elementor-element elementor-element-59aa0ba elementor-view-default elementor-widget elementor-widget-icon\" data-id=\"59aa0ba\" data-element_type=\"widget\" data-widget_type=\"icon.default\">\n\t\t\t\t<div class=\"elementor-widget-container\">\n\t\t\t\t\t\t\t<div class=\"elementor-icon-wrapper\">\n\t\t\t<div class=\"elementor-icon\">\n\t\t\t<i aria-hidden=\"true\" class=\"fas fa-pencil-ruler\"><\/i>\t\t\t<\/div>\n\t\t<\/div>\n\t\t\t\t\t\t<\/div>\n\t\t\t\t<\/div>\n\t\t\t\t<div class=\"elementor-element elementor-element-4e981f3 elementor-widget elementor-widget-text-editor\" data-id=\"4e981f3\" data-element_type=\"widget\" data-widget_type=\"text-editor.default\">\n\t\t\t\t<div class=\"elementor-widget-container\">\n\t\t\t\t\t\t\t\t\t<p>Our highly-qualified and experienced team of professionals ensures that orders are completed correctly, flexibly and to the highest quality standards.<\/p>\t\t\t\t\t\t\t\t<\/div>\n\t\t\t\t<\/div>\n\t\t\t\t<\/div>\n\t\t\t\t\t<\/div>\n\t\t\t\t<\/div>\n\t\t<div class=\"elementor-element elementor-element-733b52a e-flex e-con-boxed e-con e-parent\" data-id=\"733b52a\" data-element_type=\"container\" data-settings=\"{&quot;background_background&quot;:&quot;classic&quot;}\">\n\t\t\t\t\t<div class=\"e-con-inner\">\n\t\t\t\t<div class=\"elementor-element elementor-element-30fef5f elementor-align-center elementor-widget elementor-widget-button\" data-id=\"30fef5f\" data-element_type=\"widget\" data-widget_type=\"button.default\">\n\t\t\t\t<div class=\"elementor-widget-container\">\n\t\t\t\t\t\t\t\t\t<div class=\"elementor-button-wrapper\">\n\t\t\t\t\t<a class=\"elementor-button elementor-button-link elementor-size-lg\" href=\"\/en\/referenzen\/\">\n\t\t\t\t\t\t<span class=\"elementor-button-content-wrapper\">\n\t\t\t\t\t\t\t\t\t<span class=\"elementor-button-text\">References<\/span>\n\t\t\t\t\t<\/span>\n\t\t\t\t\t<\/a>\n\t\t\t\t<\/div>\n\t\t\t\t\t\t\t\t<\/div>\n\t\t\t\t<\/div>\n\t\t\t\t\t<\/div>\n\t\t\t\t<\/div>\n\t\t\t\t<\/div>","protected":false},"excerpt":{"rendered":"<p>Effiziente Industriepumpen Die Aufbereitung und Reparatur von Industriepumpen tragen dazu bei, Ausfallzeiten zu minimieren, die Lebensdauer der Pumpen zu verl\u00e4ngern und die Effizienz von Produktionsprozessen in verschiedenen Industriezweigen aufrechtzuerhalten. Dies geh\u00f6rt zu den Kernkompetenzen unseres Unternehmens. \u00dcber Reverse Engineering werden nicht mehr verf\u00fcgbare Ersatzteile herstellerneutral neu ausgelegt, optimiert, konstruiert oder angepasst und gefertigt. Hochqualifizierte Mitarbeiter [&hellip;]<\/p>","protected":false},"author":2,"featured_media":1152,"parent":0,"menu_order":0,"comment_status":"closed","ping_status":"closed","template":"","meta":{"footnotes":""},"class_list":["post-934","page","type-page","status-publish","has-post-thumbnail","hentry"],"yoast_head":"<!-- This site is optimized with the Yoast SEO plugin v26.1.1 - https:\/\/yoast.com\/wordpress\/plugins\/seo\/ -->\n<title>Pumpen - MAL Maschinen- und Armaturenwerkstatt<\/title>\n<meta name=\"description\" content=\"Aufbereitung und Reparatur von Industriepumpen f\u00fcr die Effizienz von Produktionsprozessen in verschiedenen Industriezweigen\" \/>\n<meta name=\"robots\" content=\"index, follow, max-snippet:-1, max-image-preview:large, max-video-preview:-1\" \/>\n<link rel=\"canonical\" href=\"https:\/\/mal-online.de\/en\/pumpen\/\" \/>\n<meta property=\"og:locale\" content=\"en_GB\" \/>\n<meta property=\"og:type\" content=\"article\" \/>\n<meta property=\"og:title\" content=\"Pumpen - MAL Maschinen- und Armaturenwerkstatt\" \/>\n<meta property=\"og:description\" content=\"Aufbereitung und Reparatur von Industriepumpen f\u00fcr die Effizienz von Produktionsprozessen in verschiedenen Industriezweigen\" \/>\n<meta property=\"og:url\" content=\"https:\/\/mal-online.de\/en\/pumpen\/\" \/>\n<meta property=\"og:site_name\" content=\"MAL Maschinen- und Armaturenwerkstatt\" \/>\n<meta property=\"article:modified_time\" content=\"2024-03-19T06:19:59+00:00\" \/>\n<meta property=\"og:image\" content=\"https:\/\/mal-online.de\/wp-content\/uploads\/2022\/12\/MAL-Logo-500x500-1.jpg\" \/>\n\t<meta property=\"og:image:width\" content=\"500\" \/>\n\t<meta property=\"og:image:height\" content=\"500\" \/>\n\t<meta property=\"og:image:type\" content=\"image\/jpeg\" \/>\n<meta name=\"twitter:card\" content=\"summary_large_image\" \/>\n<meta name=\"twitter:label1\" content=\"Estimated reading time\" \/>\n\t<meta name=\"twitter:data1\" content=\"1 minute\" \/>\n<script type=\"application\/ld+json\" class=\"yoast-schema-graph\">{\"@context\":\"https:\/\/schema.org\",\"@graph\":[{\"@type\":\"WebPage\",\"@id\":\"https:\/\/mal-online.de\/pumpen\",\"url\":\"https:\/\/mal-online.de\/pumpen\",\"name\":\"Pumpen - MAL Maschinen- und Armaturenwerkstatt\",\"isPartOf\":{\"@id\":\"https:\/\/mal-online.de\/#website\"},\"primaryImageOfPage\":{\"@id\":\"https:\/\/mal-online.de\/pumpen#primaryimage\"},\"image\":{\"@id\":\"https:\/\/mal-online.de\/pumpen#primaryimage\"},\"thumbnailUrl\":\"https:\/\/mal-online.de\/wp-content\/uploads\/2022\/12\/MAL-Logo-500x500-1.jpg\",\"datePublished\":\"2023-09-14T06:20:15+00:00\",\"dateModified\":\"2024-03-19T06:19:59+00:00\",\"description\":\"Aufbereitung und Reparatur von Industriepumpen f\u00fcr die Effizienz von Produktionsprozessen in verschiedenen Industriezweigen\",\"breadcrumb\":{\"@id\":\"https:\/\/mal-online.de\/pumpen#breadcrumb\"},\"inLanguage\":\"en-GB\",\"potentialAction\":[{\"@type\":\"ReadAction\",\"target\":[\"https:\/\/mal-online.de\/pumpen\"]}]},{\"@type\":\"ImageObject\",\"inLanguage\":\"en-GB\",\"@id\":\"https:\/\/mal-online.de\/pumpen#primaryimage\",\"url\":\"https:\/\/mal-online.de\/wp-content\/uploads\/2022\/12\/MAL-Logo-500x500-1.jpg\",\"contentUrl\":\"https:\/\/mal-online.de\/wp-content\/uploads\/2022\/12\/MAL-Logo-500x500-1.jpg\",\"width\":500,\"height\":500},{\"@type\":\"BreadcrumbList\",\"@id\":\"https:\/\/mal-online.de\/pumpen#breadcrumb\",\"itemListElement\":[{\"@type\":\"ListItem\",\"position\":1,\"name\":\"Startseite\",\"item\":\"https:\/\/mal-online.de\/\"},{\"@type\":\"ListItem\",\"position\":2,\"name\":\"Pumpen\"}]},{\"@type\":\"WebSite\",\"@id\":\"https:\/\/mal-online.de\/#website\",\"url\":\"https:\/\/mal-online.de\/\",\"name\":\"MAL Maschinen- und Armaturenwerkstatt Lubmin\",\"description\":\"\",\"publisher\":{\"@id\":\"https:\/\/mal-online.de\/#organization\"},\"potentialAction\":[{\"@type\":\"SearchAction\",\"target\":{\"@type\":\"EntryPoint\",\"urlTemplate\":\"https:\/\/mal-online.de\/?s={search_term_string}\"},\"query-input\":{\"@type\":\"PropertyValueSpecification\",\"valueRequired\":true,\"valueName\":\"search_term_string\"}}],\"inLanguage\":\"en-GB\"},{\"@type\":\"Organization\",\"@id\":\"https:\/\/mal-online.de\/#organization\",\"name\":\"MAL Maschinen- und Armaturenwerkstatt Lubmin\",\"url\":\"https:\/\/mal-online.de\/\",\"logo\":{\"@type\":\"ImageObject\",\"inLanguage\":\"en-GB\",\"@id\":\"https:\/\/mal-online.de\/#\/schema\/logo\/image\/\",\"url\":\"https:\/\/mal-online.de\/wp-content\/uploads\/2022\/12\/MAL-Logo-500x500-1.jpg\",\"contentUrl\":\"https:\/\/mal-online.de\/wp-content\/uploads\/2022\/12\/MAL-Logo-500x500-1.jpg\",\"width\":500,\"height\":500,\"caption\":\"MAL Maschinen- und Armaturenwerkstatt Lubmin\"},\"image\":{\"@id\":\"https:\/\/mal-online.de\/#\/schema\/logo\/image\/\"}}]}<\/script>\n<!-- \/ Yoast SEO plugin. -->","yoast_head_json":{"title":"Pumpen - MAL Maschinen- und Armaturenwerkstatt","description":"Aufbereitung und Reparatur von Industriepumpen f\u00fcr die Effizienz von Produktionsprozessen in verschiedenen Industriezweigen","robots":{"index":"index","follow":"follow","max-snippet":"max-snippet:-1","max-image-preview":"max-image-preview:large","max-video-preview":"max-video-preview:-1"},"canonical":"https:\/\/mal-online.de\/en\/pumpen\/","og_locale":"en_GB","og_type":"article","og_title":"Pumpen - MAL Maschinen- und Armaturenwerkstatt","og_description":"Aufbereitung und Reparatur von Industriepumpen f\u00fcr die Effizienz von Produktionsprozessen in verschiedenen Industriezweigen","og_url":"https:\/\/mal-online.de\/en\/pumpen\/","og_site_name":"MAL Maschinen- und Armaturenwerkstatt","article_modified_time":"2024-03-19T06:19:59+00:00","og_image":[{"width":500,"height":500,"url":"https:\/\/mal-online.de\/wp-content\/uploads\/2022\/12\/MAL-Logo-500x500-1.jpg","type":"image\/jpeg"}],"twitter_card":"summary_large_image","twitter_misc":{"Estimated reading time":"1 minute"},"schema":{"@context":"https:\/\/schema.org","@graph":[{"@type":"WebPage","@id":"https:\/\/mal-online.de\/pumpen","url":"https:\/\/mal-online.de\/pumpen","name":"Pumpen - MAL Maschinen- und Armaturenwerkstatt","isPartOf":{"@id":"https:\/\/mal-online.de\/#website"},"primaryImageOfPage":{"@id":"https:\/\/mal-online.de\/pumpen#primaryimage"},"image":{"@id":"https:\/\/mal-online.de\/pumpen#primaryimage"},"thumbnailUrl":"https:\/\/mal-online.de\/wp-content\/uploads\/2022\/12\/MAL-Logo-500x500-1.jpg","datePublished":"2023-09-14T06:20:15+00:00","dateModified":"2024-03-19T06:19:59+00:00","description":"Aufbereitung und Reparatur von Industriepumpen f\u00fcr die Effizienz von Produktionsprozessen in verschiedenen Industriezweigen","breadcrumb":{"@id":"https:\/\/mal-online.de\/pumpen#breadcrumb"},"inLanguage":"en-GB","potentialAction":[{"@type":"ReadAction","target":["https:\/\/mal-online.de\/pumpen"]}]},{"@type":"ImageObject","inLanguage":"en-GB","@id":"https:\/\/mal-online.de\/pumpen#primaryimage","url":"https:\/\/mal-online.de\/wp-content\/uploads\/2022\/12\/MAL-Logo-500x500-1.jpg","contentUrl":"https:\/\/mal-online.de\/wp-content\/uploads\/2022\/12\/MAL-Logo-500x500-1.jpg","width":500,"height":500},{"@type":"BreadcrumbList","@id":"https:\/\/mal-online.de\/pumpen#breadcrumb","itemListElement":[{"@type":"ListItem","position":1,"name":"Startseite","item":"https:\/\/mal-online.de\/"},{"@type":"ListItem","position":2,"name":"Pumpen"}]},{"@type":"WebSite","@id":"https:\/\/mal-online.de\/#website","url":"https:\/\/mal-online.de\/","name":"MAL Maschinen- und Armaturenwerkstatt Lubmin","description":"","publisher":{"@id":"https:\/\/mal-online.de\/#organization"},"potentialAction":[{"@type":"SearchAction","target":{"@type":"EntryPoint","urlTemplate":"https:\/\/mal-online.de\/?s={search_term_string}"},"query-input":{"@type":"PropertyValueSpecification","valueRequired":true,"valueName":"search_term_string"}}],"inLanguage":"en-GB"},{"@type":"Organization","@id":"https:\/\/mal-online.de\/#organization","name":"MAL Maschinen- und Armaturenwerkstatt Lubmin","url":"https:\/\/mal-online.de\/","logo":{"@type":"ImageObject","inLanguage":"en-GB","@id":"https:\/\/mal-online.de\/#\/schema\/logo\/image\/","url":"https:\/\/mal-online.de\/wp-content\/uploads\/2022\/12\/MAL-Logo-500x500-1.jpg","contentUrl":"https:\/\/mal-online.de\/wp-content\/uploads\/2022\/12\/MAL-Logo-500x500-1.jpg","width":500,"height":500,"caption":"MAL Maschinen- und Armaturenwerkstatt Lubmin"},"image":{"@id":"https:\/\/mal-online.de\/#\/schema\/logo\/image\/"}}]}},"_links":{"self":[{"href":"https:\/\/mal-online.de\/en\/wp-json\/wp\/v2\/pages\/934","targetHints":{"allow":["GET"]}}],"collection":[{"href":"https:\/\/mal-online.de\/en\/wp-json\/wp\/v2\/pages"}],"about":[{"href":"https:\/\/mal-online.de\/en\/wp-json\/wp\/v2\/types\/page"}],"author":[{"embeddable":true,"href":"https:\/\/mal-online.de\/en\/wp-json\/wp\/v2\/users\/2"}],"replies":[{"embeddable":true,"href":"https:\/\/mal-online.de\/en\/wp-json\/wp\/v2\/comments?post=934"}],"version-history":[{"count":70,"href":"https:\/\/mal-online.de\/en\/wp-json\/wp\/v2\/pages\/934\/revisions"}],"predecessor-version":[{"id":2105,"href":"https:\/\/mal-online.de\/en\/wp-json\/wp\/v2\/pages\/934\/revisions\/2105"}],"wp:featuredmedia":[{"embeddable":true,"href":"https:\/\/mal-online.de\/en\/wp-json\/wp\/v2\/media\/1152"}],"wp:attachment":[{"href":"https:\/\/mal-online.de\/en\/wp-json\/wp\/v2\/media?parent=934"}],"curies":[{"name":"wp","href":"https:\/\/api.w.org\/{rel}","templated":true}]}}