{"id":449,"date":"2023-02-01T12:57:24","date_gmt":"2023-02-01T12:57:24","guid":{"rendered":"https:\/\/neu.mal-online.de\/?page_id=449"},"modified":"2023-02-01T14:07:53","modified_gmt":"2023-02-01T14:07:53","slug":"bildergalerie","status":"publish","type":"page","link":"https:\/\/mal-online.de\/en\/bildergalerie","title":{"rendered":"Bildergalerie"},"content":{"rendered":"<div data-elementor-type=\"wp-post\" data-elementor-id=\"449\" class=\"elementor elementor-449\" data-elementor-post-type=\"page\">\n\t\t\t\t<div class=\"elementor-element elementor-element-a620104 e-flex e-con-boxed e-con e-parent\" data-id=\"a620104\" data-element_type=\"container\">\n\t\t\t\t\t<div class=\"e-con-inner\">\n\t\t\t\t\t<\/div>\n\t\t\t\t<\/div>\n\t\t\t\t<section class=\"elementor-section elementor-top-section elementor-element elementor-element-8df02c4 elementor-section-full_width elementor-section-height-default elementor-section-height-default\" data-id=\"8df02c4\" data-element_type=\"section\">\n\t\t\t\t\t\t<div class=\"elementor-container elementor-column-gap-default\">\n\t\t\t\t\t<div class=\"elementor-column elementor-col-100 elementor-top-column elementor-element elementor-element-061921d\" data-id=\"061921d\" data-element_type=\"column\">\n\t\t\t<div class=\"elementor-widget-wrap elementor-element-populated\">\n\t\t\t\t\t\t<div class=\"elementor-element elementor-element-2dc0105 elementor--h-position-center elementor--v-position-middle elementor-arrows-position-inside elementor-pagination-position-inside elementor-widget elementor-widget-slides\" data-id=\"2dc0105\" data-element_type=\"widget\" data-settings=\"{&quot;transition&quot;:&quot;fade&quot;,&quot;navigation&quot;:&quot;both&quot;,&quot;autoplay&quot;:&quot;yes&quot;,&quot;pause_on_hover&quot;:&quot;yes&quot;,&quot;pause_on_interaction&quot;:&quot;yes&quot;,&quot;autoplay_speed&quot;:5000,&quot;infinite&quot;:&quot;yes&quot;,&quot;transition_speed&quot;:500}\" data-widget_type=\"slides.default\">\n\t\t\t\t<div class=\"elementor-widget-container\">\n\t\t\t\t\t\t\t\t\t<div class=\"elementor-swiper\">\n\t\t\t\t\t<div class=\"elementor-slides-wrapper elementor-main-swiper swiper\" role=\"region\" aria-roledescription=\"carousel\" aria-label=\"Slides\" dir=\"ltr\" data-animation=\"fadeInUp\">\n\t\t\t\t<div class=\"swiper-wrapper elementor-slides\">\n\t\t\t\t\t\t\t\t\t\t<div class=\"elementor-repeater-item-10f30aa swiper-slide\" role=\"group\" aria-roledescription=\"slide\"><div class=\"swiper-slide-bg elementor-ken-burns elementor-ken-burns--in\" role=\"img\"><\/div><div class=\"elementor-background-overlay\"><\/div><div class=\"swiper-slide-inner\" ><div class=\"swiper-slide-contents\"><div class=\"elementor-slide-heading\">Die passende Pumpe <br>f\u00fcr jeden Einsatzbereich<\/div><div class=\"elementor-slide-description\">Lorem ipsum dolor pumps<\/div><div  class=\"elementor-button elementor-slide-button elementor-size-sm\">Mehr erfahren<\/div><\/div><\/div><\/div><div class=\"elementor-repeater-item-bbda5f0 swiper-slide\" role=\"group\" aria-roledescription=\"slide\"><div class=\"swiper-slide-bg elementor-ken-burns elementor-ken-burns--in\" role=\"img\"><\/div><div class=\"elementor-background-overlay\"><\/div><div class=\"swiper-slide-inner\" ><div class=\"swiper-slide-contents\"><div class=\"elementor-slide-heading\">Getriebe wie ein <br>Schweizer Uhrwerk<\/div><div class=\"elementor-slide-description\">Alles enorm pr\u00e4zise aufeinander abgestimmt<\/div><div  class=\"elementor-button elementor-slide-button elementor-size-sm\">Mehr erfahren<\/div><\/div><\/div><\/div><div class=\"elementor-repeater-item-b0052fe swiper-slide\" role=\"group\" aria-roledescription=\"slide\"><div class=\"swiper-slide-bg elementor-ken-burns elementor-ken-burns--in\" role=\"img\"><\/div><div class=\"elementor-background-overlay\"><\/div><div class=\"swiper-slide-inner\" ><div class=\"swiper-slide-contents\"><div class=\"elementor-slide-heading\">Valves<\/div><div class=\"elementor-slide-description\">Alles enorm pr\u00e4zise aufeinander abgestimmt<\/div><div  class=\"elementor-button elementor-slide-button elementor-size-sm\">Mehr erfahren<\/div><\/div><\/div><\/div>\t\t\t\t<\/div>\n\t\t\t\t\t\t\t\t\t\t\t\t\t\t\t<div class=\"elementor-swiper-button elementor-swiper-button-prev\" role=\"button\" tabindex=\"0\" aria-label=\"Previous slide\" data-no-translation-aria-label=\"\">\n\t\t\t\t\t\t\t<i aria-hidden=\"true\" class=\"eicon-chevron-left\"><\/i>\t\t\t\t\t\t<\/div>\n\t\t\t\t\t\t<div class=\"elementor-swiper-button elementor-swiper-button-next\" role=\"button\" tabindex=\"0\" aria-label=\"Next slide\" data-no-translation-aria-label=\"\">\n\t\t\t\t\t\t\t<i aria-hidden=\"true\" class=\"eicon-chevron-right\"><\/i>\t\t\t\t\t\t<\/div>\n\t\t\t\t\t\t\t\t\t\t\t\t\t\t\t\t<div class=\"swiper-pagination\"><\/div>\n\t\t\t\t\t\t\t\t\t\t\t\t<\/div>\n\t\t\t\t<\/div>\n\t\t\t\t\t\t\t\t<\/div>\n\t\t\t\t<\/div>\n\t\t\t\t\t<\/div>\n\t\t<\/div>\n\t\t\t\t\t<\/div>\n\t\t<\/section>\n\t\t<div class=\"elementor-element elementor-element-0ba75bb e-flex e-con-boxed e-con e-parent\" data-id=\"0ba75bb\" data-element_type=\"container\">\n\t\t\t\t\t<div class=\"e-con-inner\">\n\t\t\t\t<div class=\"elementor-element elementor-element-4052d92 elementor-widget elementor-widget-spacer\" data-id=\"4052d92\" data-element_type=\"widget\" data-widget_type=\"spacer.default\">\n\t\t\t\t<div class=\"elementor-widget-container\">\n\t\t\t\t\t\t\t<div class=\"elementor-spacer\">\n\t\t\t<div class=\"elementor-spacer-inner\"><\/div>\n\t\t<\/div>\n\t\t\t\t\t\t<\/div>\n\t\t\t\t<\/div>\n\t\t\t\t\t<\/div>\n\t\t\t\t<\/div>\n\t\t<div class=\"elementor-element elementor-element-56a2bb3 e-flex e-con-boxed e-con e-parent\" data-id=\"56a2bb3\" data-element_type=\"container\" data-settings=\"{&quot;background_background&quot;:&quot;classic&quot;}\">\n\t\t\t\t\t<div class=\"e-con-inner\">\n\t\t\t\t<div class=\"elementor-element elementor-element-9de400f elementor-widget elementor-widget-heading\" data-id=\"9de400f\" data-element_type=\"widget\" data-widget_type=\"heading.default\">\n\t\t\t\t<div class=\"elementor-widget-container\">\n\t\t\t\t\t<h2 class=\"elementor-heading-title elementor-size-default\">Bild-\/Fotodatenbanken<\/h2>\t\t\t\t<\/div>\n\t\t\t\t<\/div>\n\t\t\t\t\t<\/div>\n\t\t\t\t<\/div>\n\t\t<div class=\"elementor-element elementor-element-762a05a e-flex e-con-boxed e-con e-parent\" data-id=\"762a05a\" data-element_type=\"container\">\n\t\t\t\t\t<div class=\"e-con-inner\">\n\t\t<div class=\"elementor-element elementor-element-92233fa e-con-full e-flex e-con e-parent\" data-id=\"92233fa\" data-element_type=\"container\">\n\t\t\t\t<div class=\"elementor-element elementor-element-0c81fb4 elementor-widget elementor-widget-text-editor\" data-id=\"0c81fb4\" data-element_type=\"widget\" data-widget_type=\"text-editor.default\">\n\t\t\t\t<div class=\"elementor-widget-container\">\n\t\t\t\t\t\t\t\t\t<p>Adobe Stock<\/p>\t\t\t\t\t\t\t\t<\/div>\n\t\t\t\t<\/div>\n\t\t\t\t<div class=\"elementor-element elementor-element-eaa8ec3 elementor-align-center elementor-widget elementor-widget-button\" data-id=\"eaa8ec3\" data-element_type=\"widget\" data-widget_type=\"button.default\">\n\t\t\t\t<div class=\"elementor-widget-container\">\n\t\t\t\t\t\t\t\t\t<div class=\"elementor-button-wrapper\">\n\t\t\t\t\t<a class=\"elementor-button elementor-button-link elementor-size-sm\" href=\"https:\/\/stock.adobe.com\/de\/\">\n\t\t\t\t\t\t<span class=\"elementor-button-content-wrapper\">\n\t\t\t\t\t\t\t\t\t<span class=\"elementor-button-text\">Adobe Stock<\/span>\n\t\t\t\t\t<\/span>\n\t\t\t\t\t<\/a>\n\t\t\t\t<\/div>\n\t\t\t\t\t\t\t\t<\/div>\n\t\t\t\t<\/div>\n\t\t\t\t<div class=\"elementor-element elementor-element-618bf49 elementor-widget elementor-widget-text-editor\" data-id=\"618bf49\" data-element_type=\"widget\" data-widget_type=\"text-editor.default\">\n\t\t\t\t<div class=\"elementor-widget-container\">\n\t\t\t\t\t\t\t\t\tWeitere Fotos bei Adobe Stock<br>ca. 11,00 \u20ac pro Bild\t\t\t\t\t\t\t\t<\/div>\n\t\t\t\t<\/div>\n\t\t\t\t<\/div>\n\t\t<div class=\"elementor-element elementor-element-3a38e8e e-con-full e-flex e-con e-parent\" data-id=\"3a38e8e\" data-element_type=\"container\">\n\t\t\t\t<div class=\"elementor-element elementor-element-cfe2ca1 elementor-widget elementor-widget-text-editor\" data-id=\"cfe2ca1\" data-element_type=\"widget\" data-widget_type=\"text-editor.default\">\n\t\t\t\t<div class=\"elementor-widget-container\">\n\t\t\t\t\t\t\t\t\t<p>iStock<\/p>\t\t\t\t\t\t\t\t<\/div>\n\t\t\t\t<\/div>\n\t\t\t\t<div class=\"elementor-element elementor-element-00c413a elementor-align-center elementor-widget elementor-widget-button\" data-id=\"00c413a\" data-element_type=\"widget\" data-widget_type=\"button.default\">\n\t\t\t\t<div class=\"elementor-widget-container\">\n\t\t\t\t\t\t\t\t\t<div class=\"elementor-button-wrapper\">\n\t\t\t\t\t<a class=\"elementor-button elementor-button-link elementor-size-sm\" href=\"https:\/\/www.istockphoto.com\/de\">\n\t\t\t\t\t\t<span class=\"elementor-button-content-wrapper\">\n\t\t\t\t\t\t\t\t\t<span class=\"elementor-button-text\">iStock<\/span>\n\t\t\t\t\t<\/span>\n\t\t\t\t\t<\/a>\n\t\t\t\t<\/div>\n\t\t\t\t\t\t\t\t<\/div>\n\t\t\t\t<\/div>\n\t\t\t\t<div class=\"elementor-element elementor-element-314c27e elementor-widget elementor-widget-text-editor\" data-id=\"314c27e\" data-element_type=\"widget\" data-widget_type=\"text-editor.default\">\n\t\t\t\t<div class=\"elementor-widget-container\">\n\t\t\t\t\t\t\t\t\t<p>Weitere Fotos bei iStock<br \/>ca. 11,00 \u20ac pro Bild<\/p>\t\t\t\t\t\t\t\t<\/div>\n\t\t\t\t<\/div>\n\t\t\t\t<\/div>\n\t\t<div class=\"elementor-element elementor-element-dc3e34d e-con-full e-flex e-con e-parent\" data-id=\"dc3e34d\" data-element_type=\"container\">\n\t\t\t\t<div class=\"elementor-element elementor-element-b034688 elementor-widget elementor-widget-text-editor\" data-id=\"b034688\" data-element_type=\"widget\" data-widget_type=\"text-editor.default\">\n\t\t\t\t<div class=\"elementor-widget-container\">\n\t\t\t\t\t\t\t\t\t<p>kostenlose Bilddatenbanken<\/p>\t\t\t\t\t\t\t\t<\/div>\n\t\t\t\t<\/div>\n\t\t\t\t<div class=\"elementor-element elementor-element-273b258 elementor-align-center elementor-widget elementor-widget-button\" data-id=\"273b258\" data-element_type=\"widget\" data-widget_type=\"button.default\">\n\t\t\t\t<div class=\"elementor-widget-container\">\n\t\t\t\t\t\t\t\t\t<div class=\"elementor-button-wrapper\">\n\t\t\t\t\t<a class=\"elementor-button elementor-button-link elementor-size-sm\" href=\"https:\/\/pixabay.com\/de\/\">\n\t\t\t\t\t\t<span class=\"elementor-button-content-wrapper\">\n\t\t\t\t\t\t\t\t\t<span class=\"elementor-button-text\">pixabay<\/span>\n\t\t\t\t\t<\/span>\n\t\t\t\t\t<\/a>\n\t\t\t\t<\/div>\n\t\t\t\t\t\t\t\t<\/div>\n\t\t\t\t<\/div>\n\t\t\t\t<div class=\"elementor-element elementor-element-7af422a elementor-align-center elementor-widget elementor-widget-button\" data-id=\"7af422a\" data-element_type=\"widget\" data-widget_type=\"button.default\">\n\t\t\t\t<div class=\"elementor-widget-container\">\n\t\t\t\t\t\t\t\t\t<div class=\"elementor-button-wrapper\">\n\t\t\t\t\t<a class=\"elementor-button elementor-button-link elementor-size-sm\" href=\"https:\/\/unsplash.com\">\n\t\t\t\t\t\t<span class=\"elementor-button-content-wrapper\">\n\t\t\t\t\t\t\t\t\t<span class=\"elementor-button-text\">unsplash<\/span>\n\t\t\t\t\t<\/span>\n\t\t\t\t\t<\/a>\n\t\t\t\t<\/div>\n\t\t\t\t\t\t\t\t<\/div>\n\t\t\t\t<\/div>\n\t\t\t\t<div class=\"elementor-element elementor-element-11b9432 elementor-align-center elementor-widget elementor-widget-button\" data-id=\"11b9432\" data-element_type=\"widget\" data-widget_type=\"button.default\">\n\t\t\t\t<div class=\"elementor-widget-container\">\n\t\t\t\t\t\t\t\t\t<div class=\"elementor-button-wrapper\">\n\t\t\t\t\t<a class=\"elementor-button elementor-button-link elementor-size-sm\" href=\"https:\/\/www.pexels.com\/de-de\/\">\n\t\t\t\t\t\t<span class=\"elementor-button-content-wrapper\">\n\t\t\t\t\t\t\t\t\t<span class=\"elementor-button-text\">Pegels<\/span>\n\t\t\t\t\t<\/span>\n\t\t\t\t\t<\/a>\n\t\t\t\t<\/div>\n\t\t\t\t\t\t\t\t<\/div>\n\t\t\t\t<\/div>\n\t\t\t\t<\/div>\n\t\t<div class=\"elementor-element elementor-element-6d92de0 e-con-full e-flex e-con e-parent\" data-id=\"6d92de0\" data-element_type=\"container\">\n\t\t\t\t<div class=\"elementor-element elementor-element-12da083 elementor-widget elementor-widget-text-editor\" data-id=\"12da083\" data-element_type=\"widget\" data-widget_type=\"text-editor.default\">\n\t\t\t\t<div class=\"elementor-widget-container\">\n\t\t\t\t\t\t\t\t\tTeilweise kostenlos und <br>teilweise kostenpflichtig\t\t\t\t\t\t\t\t<\/div>\n\t\t\t\t<\/div>\n\t\t\t\t<div class=\"elementor-element elementor-element-344c8d6 elementor-align-center elementor-widget elementor-widget-button\" data-id=\"344c8d6\" data-element_type=\"widget\" data-widget_type=\"button.default\">\n\t\t\t\t<div class=\"elementor-widget-container\">\n\t\t\t\t\t\t\t\t\t<div class=\"elementor-button-wrapper\">\n\t\t\t\t\t<a class=\"elementor-button elementor-button-link elementor-size-sm\" href=\"https:\/\/de.depositphotos.com\/stock-photography.html\">\n\t\t\t\t\t\t<span class=\"elementor-button-content-wrapper\">\n\t\t\t\t\t\t\t\t\t<span class=\"elementor-button-text\">depositphotos<\/span>\n\t\t\t\t\t<\/span>\n\t\t\t\t\t<\/a>\n\t\t\t\t<\/div>\n\t\t\t\t\t\t\t\t<\/div>\n\t\t\t\t<\/div>\n\t\t\t\t<\/div>\n\t\t\t\t\t<\/div>\n\t\t\t\t<\/div>\n\t\t\t\t<\/div>","protected":false},"excerpt":{"rendered":"<p>Die passende Pumpe f\u00fcr jeden EinsatzbereichLorem ipsum dolor pumpsMehr erfahrenGetriebe wie ein Schweizer UhrwerkAlles enorm pr\u00e4zise aufeinander abgestimmtMehr erfahrenArmaturenAlles enorm pr\u00e4zise aufeinander abgestimmtMehr erfahren Voriger N\u00e4chster Bild-\/Fotodatenbanken Adobe Stock Adobe Stock Weitere Fotos bei Adobe Stockca. 11,00 \u20ac pro Bild iStock iStock Weitere Fotos bei iStockca. 11,00 \u20ac pro Bild kostenlose Bilddatenbanken pixabay unsplash Pegels [&hellip;]<\/p>","protected":false},"author":1,"featured_media":0,"parent":0,"menu_order":0,"comment_status":"closed","ping_status":"closed","template":"","meta":{"footnotes":""},"class_list":["post-449","page","type-page","status-publish","hentry"],"yoast_head":"<!-- This site is optimized with the Yoast SEO plugin v26.1.1 - https:\/\/yoast.com\/wordpress\/plugins\/seo\/ -->\n<title>Bildergalerie - MAL Maschinen- und Armaturenwerkstatt<\/title>\n<meta name=\"robots\" content=\"index, follow, max-snippet:-1, max-image-preview:large, max-video-preview:-1\" \/>\n<link rel=\"canonical\" href=\"https:\/\/mal-online.de\/en\/bildergalerie\/\" \/>\n<meta property=\"og:locale\" content=\"en_GB\" \/>\n<meta property=\"og:type\" content=\"article\" \/>\n<meta property=\"og:title\" content=\"Bildergalerie - MAL Maschinen- und Armaturenwerkstatt\" \/>\n<meta property=\"og:description\" content=\"Die passende Pumpe f\u00fcr jeden EinsatzbereichLorem ipsum dolor pumpsMehr erfahrenGetriebe wie ein Schweizer UhrwerkAlles enorm pr\u00e4zise aufeinander abgestimmtMehr erfahrenArmaturenAlles enorm pr\u00e4zise aufeinander abgestimmtMehr erfahren Voriger N\u00e4chster Bild-\/Fotodatenbanken Adobe Stock Adobe Stock Weitere Fotos bei Adobe Stockca. 11,00 \u20ac pro Bild iStock iStock Weitere Fotos bei iStockca. 11,00 \u20ac pro Bild kostenlose Bilddatenbanken pixabay unsplash Pegels [&hellip;]\" \/>\n<meta property=\"og:url\" content=\"https:\/\/mal-online.de\/en\/bildergalerie\/\" \/>\n<meta property=\"og:site_name\" content=\"MAL Maschinen- und Armaturenwerkstatt\" \/>\n<meta property=\"article:modified_time\" content=\"2023-02-01T14:07:53+00:00\" \/>\n<meta name=\"twitter:card\" content=\"summary_large_image\" \/>\n<meta name=\"twitter:label1\" content=\"Estimated reading time\" \/>\n\t<meta name=\"twitter:data1\" content=\"1 minute\" \/>\n<script type=\"application\/ld+json\" class=\"yoast-schema-graph\">{\"@context\":\"https:\/\/schema.org\",\"@graph\":[{\"@type\":\"WebPage\",\"@id\":\"https:\/\/mal-online.de\/bildergalerie\",\"url\":\"https:\/\/mal-online.de\/bildergalerie\",\"name\":\"Bildergalerie - MAL Maschinen- und Armaturenwerkstatt\",\"isPartOf\":{\"@id\":\"https:\/\/mal-online.de\/#website\"},\"datePublished\":\"2023-02-01T12:57:24+00:00\",\"dateModified\":\"2023-02-01T14:07:53+00:00\",\"breadcrumb\":{\"@id\":\"https:\/\/mal-online.de\/bildergalerie#breadcrumb\"},\"inLanguage\":\"en-GB\",\"potentialAction\":[{\"@type\":\"ReadAction\",\"target\":[\"https:\/\/mal-online.de\/bildergalerie\"]}]},{\"@type\":\"BreadcrumbList\",\"@id\":\"https:\/\/mal-online.de\/bildergalerie#breadcrumb\",\"itemListElement\":[{\"@type\":\"ListItem\",\"position\":1,\"name\":\"Startseite\",\"item\":\"https:\/\/mal-online.de\/\"},{\"@type\":\"ListItem\",\"position\":2,\"name\":\"Bildergalerie\"}]},{\"@type\":\"WebSite\",\"@id\":\"https:\/\/mal-online.de\/#website\",\"url\":\"https:\/\/mal-online.de\/\",\"name\":\"MAL Maschinen- und Armaturenwerkstatt Lubmin\",\"description\":\"\",\"publisher\":{\"@id\":\"https:\/\/mal-online.de\/#organization\"},\"potentialAction\":[{\"@type\":\"SearchAction\",\"target\":{\"@type\":\"EntryPoint\",\"urlTemplate\":\"https:\/\/mal-online.de\/?s={search_term_string}\"},\"query-input\":{\"@type\":\"PropertyValueSpecification\",\"valueRequired\":true,\"valueName\":\"search_term_string\"}}],\"inLanguage\":\"en-GB\"},{\"@type\":\"Organization\",\"@id\":\"https:\/\/mal-online.de\/#organization\",\"name\":\"MAL Maschinen- und Armaturenwerkstatt Lubmin\",\"url\":\"https:\/\/mal-online.de\/\",\"logo\":{\"@type\":\"ImageObject\",\"inLanguage\":\"en-GB\",\"@id\":\"https:\/\/mal-online.de\/#\/schema\/logo\/image\/\",\"url\":\"https:\/\/mal-online.de\/wp-content\/uploads\/2022\/12\/MAL-Logo-500x500-1.jpg\",\"contentUrl\":\"https:\/\/mal-online.de\/wp-content\/uploads\/2022\/12\/MAL-Logo-500x500-1.jpg\",\"width\":500,\"height\":500,\"caption\":\"MAL Maschinen- und Armaturenwerkstatt Lubmin\"},\"image\":{\"@id\":\"https:\/\/mal-online.de\/#\/schema\/logo\/image\/\"}}]}<\/script>\n<!-- \/ Yoast SEO plugin. -->","yoast_head_json":{"title":"Bildergalerie - MAL Maschinen- und Armaturenwerkstatt","robots":{"index":"index","follow":"follow","max-snippet":"max-snippet:-1","max-image-preview":"max-image-preview:large","max-video-preview":"max-video-preview:-1"},"canonical":"https:\/\/mal-online.de\/en\/bildergalerie\/","og_locale":"en_GB","og_type":"article","og_title":"Bildergalerie - MAL Maschinen- und Armaturenwerkstatt","og_description":"Die passende Pumpe f\u00fcr jeden EinsatzbereichLorem ipsum dolor pumpsMehr erfahrenGetriebe wie ein Schweizer UhrwerkAlles enorm pr\u00e4zise aufeinander abgestimmtMehr erfahrenArmaturenAlles enorm pr\u00e4zise aufeinander abgestimmtMehr erfahren Voriger N\u00e4chster Bild-\/Fotodatenbanken Adobe Stock Adobe Stock Weitere Fotos bei Adobe Stockca. 11,00 \u20ac pro Bild iStock iStock Weitere Fotos bei iStockca. 11,00 \u20ac pro Bild kostenlose Bilddatenbanken pixabay unsplash Pegels [&hellip;]","og_url":"https:\/\/mal-online.de\/en\/bildergalerie\/","og_site_name":"MAL Maschinen- und Armaturenwerkstatt","article_modified_time":"2023-02-01T14:07:53+00:00","twitter_card":"summary_large_image","twitter_misc":{"Estimated reading time":"1 minute"},"schema":{"@context":"https:\/\/schema.org","@graph":[{"@type":"WebPage","@id":"https:\/\/mal-online.de\/bildergalerie","url":"https:\/\/mal-online.de\/bildergalerie","name":"Bildergalerie - MAL Maschinen- und Armaturenwerkstatt","isPartOf":{"@id":"https:\/\/mal-online.de\/#website"},"datePublished":"2023-02-01T12:57:24+00:00","dateModified":"2023-02-01T14:07:53+00:00","breadcrumb":{"@id":"https:\/\/mal-online.de\/bildergalerie#breadcrumb"},"inLanguage":"en-GB","potentialAction":[{"@type":"ReadAction","target":["https:\/\/mal-online.de\/bildergalerie"]}]},{"@type":"BreadcrumbList","@id":"https:\/\/mal-online.de\/bildergalerie#breadcrumb","itemListElement":[{"@type":"ListItem","position":1,"name":"Startseite","item":"https:\/\/mal-online.de\/"},{"@type":"ListItem","position":2,"name":"Bildergalerie"}]},{"@type":"WebSite","@id":"https:\/\/mal-online.de\/#website","url":"https:\/\/mal-online.de\/","name":"MAL Maschinen- und Armaturenwerkstatt Lubmin","description":"","publisher":{"@id":"https:\/\/mal-online.de\/#organization"},"potentialAction":[{"@type":"SearchAction","target":{"@type":"EntryPoint","urlTemplate":"https:\/\/mal-online.de\/?s={search_term_string}"},"query-input":{"@type":"PropertyValueSpecification","valueRequired":true,"valueName":"search_term_string"}}],"inLanguage":"en-GB"},{"@type":"Organization","@id":"https:\/\/mal-online.de\/#organization","name":"MAL Maschinen- und Armaturenwerkstatt Lubmin","url":"https:\/\/mal-online.de\/","logo":{"@type":"ImageObject","inLanguage":"en-GB","@id":"https:\/\/mal-online.de\/#\/schema\/logo\/image\/","url":"https:\/\/mal-online.de\/wp-content\/uploads\/2022\/12\/MAL-Logo-500x500-1.jpg","contentUrl":"https:\/\/mal-online.de\/wp-content\/uploads\/2022\/12\/MAL-Logo-500x500-1.jpg","width":500,"height":500,"caption":"MAL Maschinen- und Armaturenwerkstatt Lubmin"},"image":{"@id":"https:\/\/mal-online.de\/#\/schema\/logo\/image\/"}}]}},"_links":{"self":[{"href":"https:\/\/mal-online.de\/en\/wp-json\/wp\/v2\/pages\/449","targetHints":{"allow":["GET"]}}],"collection":[{"href":"https:\/\/mal-online.de\/en\/wp-json\/wp\/v2\/pages"}],"about":[{"href":"https:\/\/mal-online.de\/en\/wp-json\/wp\/v2\/types\/page"}],"author":[{"embeddable":true,"href":"https:\/\/mal-online.de\/en\/wp-json\/wp\/v2\/users\/1"}],"replies":[{"embeddable":true,"href":"https:\/\/mal-online.de\/en\/wp-json\/wp\/v2\/comments?post=449"}],"version-history":[{"count":35,"href":"https:\/\/mal-online.de\/en\/wp-json\/wp\/v2\/pages\/449\/revisions"}],"predecessor-version":[{"id":487,"href":"https:\/\/mal-online.de\/en\/wp-json\/wp\/v2\/pages\/449\/revisions\/487"}],"wp:attachment":[{"href":"https:\/\/mal-online.de\/en\/wp-json\/wp\/v2\/media?parent=449"}],"curies":[{"name":"wp","href":"https:\/\/api.w.org\/{rel}","templated":true}]}}