{"id":1438,"date":"2024-03-15T06:26:58","date_gmt":"2024-03-15T06:26:58","guid":{"rendered":"https:\/\/neu.mal-online.de\/?page_id=1438"},"modified":"2025-11-27T11:46:24","modified_gmt":"2025-11-27T11:46:24","slug":"referenzen","status":"publish","type":"page","link":"https:\/\/mal-online.de\/en\/referenzen","title":{"rendered":"References"},"content":{"rendered":"<div data-elementor-type=\"wp-page\" data-elementor-id=\"1438\" class=\"elementor elementor-1438\" data-elementor-post-type=\"page\">\n\t\t\t\t<div class=\"elementor-element elementor-element-9f4701c e-con-full e-flex e-con e-parent\" data-id=\"9f4701c\" data-element_type=\"container\" data-settings=\"{&quot;background_background&quot;:&quot;classic&quot;,&quot;sticky&quot;:&quot;top&quot;,&quot;sticky_on&quot;:[&quot;desktop&quot;,&quot;tablet&quot;,&quot;mobile&quot;],&quot;sticky_offset&quot;:0,&quot;sticky_effects_offset&quot;:0,&quot;sticky_anchor_link_offset&quot;:0}\">\n\t\t\t\t<div class=\"elementor-element elementor-element-7b3c42e elementor-widget elementor-widget-heading\" data-id=\"7b3c42e\" data-element_type=\"widget\" data-widget_type=\"heading.default\">\n\t\t\t\t<div class=\"elementor-widget-container\">\n\t\t\t\t\t<h1 class=\"elementor-heading-title elementor-size-default\">References<\/h1>\t\t\t\t<\/div>\n\t\t\t\t<\/div>\n\t\t\t\t<\/div>\n\t\t<div class=\"elementor-element elementor-element-d287d8e e-flex e-con-boxed e-con e-parent\" data-id=\"d287d8e\" data-element_type=\"container\">\n\t\t\t\t\t<div class=\"e-con-inner\">\n\t\t<div class=\"elementor-element elementor-element-f79ce8c e-con-full e-flex e-con e-child\" data-id=\"f79ce8c\" data-element_type=\"container\" data-settings=\"{&quot;background_background&quot;:&quot;classic&quot;}\">\n\t\t<div class=\"elementor-element elementor-element-3c3d341 e-flex e-con-boxed elementor-invisible e-con e-child\" data-id=\"3c3d341\" data-element_type=\"container\" data-settings=\"{&quot;background_background&quot;:&quot;classic&quot;,&quot;animation&quot;:&quot;zoomIn&quot;}\">\n\t\t\t\t\t<div class=\"e-con-inner\">\n\t\t\t\t\t<\/div>\n\t\t\t\t<\/div>\n\t\t\t\t<\/div>\n\t\t<div class=\"elementor-element elementor-element-aa675fc e-con-full e-flex e-con e-child\" data-id=\"aa675fc\" data-element_type=\"container\" data-settings=\"{&quot;background_background&quot;:&quot;classic&quot;}\">\n\t\t\t\t<div class=\"elementor-element elementor-element-9eb1837 elementor-view-default elementor-widget elementor-widget-icon\" data-id=\"9eb1837\" data-element_type=\"widget\" data-widget_type=\"icon.default\">\n\t\t\t\t<div class=\"elementor-widget-container\">\n\t\t\t\t\t\t\t<div class=\"elementor-icon-wrapper\">\n\t\t\t<div class=\"elementor-icon\">\n\t\t\t<i aria-hidden=\"true\" class=\"fas fa-quote-right\"><\/i>\t\t\t<\/div>\n\t\t<\/div>\n\t\t\t\t\t\t<\/div>\n\t\t\t\t<\/div>\n\t\t\t\t<div class=\"elementor-element elementor-element-2fe6def elementor-widget elementor-widget-text-editor\" data-id=\"2fe6def\" data-element_type=\"widget\" data-widget_type=\"text-editor.default\">\n\t\t\t\t<div class=\"elementor-widget-container\">\n\t\t\t\t\t\t\t\t\t<ul><li>Pre-commissioning of two 1230 km (764,29 miles) long pipelines<\/li><\/ul>\t\t\t\t\t\t\t\t<\/div>\n\t\t\t\t<\/div>\n\t\t\t\t<\/div>\n\t\t\t\t\t<\/div>\n\t\t\t\t<\/div>\n\t\t<div class=\"elementor-element elementor-element-2e7207d e-flex e-con-boxed e-con e-parent\" data-id=\"2e7207d\" data-element_type=\"container\">\n\t\t\t\t\t<div class=\"e-con-inner\">\n\t\t<div class=\"elementor-element elementor-element-e84ae3d e-con-full e-flex e-con e-child\" data-id=\"e84ae3d\" data-element_type=\"container\" data-settings=\"{&quot;background_background&quot;:&quot;classic&quot;}\">\n\t\t\t\t<div class=\"elementor-element elementor-element-97d58e8 elementor-view-default elementor-widget elementor-widget-icon\" data-id=\"97d58e8\" data-element_type=\"widget\" data-widget_type=\"icon.default\">\n\t\t\t\t<div class=\"elementor-widget-container\">\n\t\t\t\t\t\t\t<div class=\"elementor-icon-wrapper\">\n\t\t\t<div class=\"elementor-icon\">\n\t\t\t<i aria-hidden=\"true\" class=\"fas fa-quote-left\"><\/i>\t\t\t<\/div>\n\t\t<\/div>\n\t\t\t\t\t\t<\/div>\n\t\t\t\t<\/div>\n\t\t\t\t<div class=\"elementor-element elementor-element-f073afe elementor-widget elementor-widget-text-editor\" data-id=\"f073afe\" data-element_type=\"widget\" data-widget_type=\"text-editor.default\">\n\t\t\t\t<div class=\"elementor-widget-container\">\n\t\t\t\t\t\t\t\t\t<ul><li>Pump overhauls corvette Oldenburg, tender Donau etc.<\/li><li>Pump overhauls Wendelstein 7-X in IPP, Nordwasser and others<\/li><li>Special casting and production of housings impellers<\/li><\/ul>\t\t\t\t\t\t\t\t<\/div>\n\t\t\t\t<\/div>\n\t\t\t\t<\/div>\n\t\t<div class=\"elementor-element elementor-element-613720d e-con-full e-flex e-con e-child\" data-id=\"613720d\" data-element_type=\"container\" data-settings=\"{&quot;background_background&quot;:&quot;classic&quot;}\">\n\t\t<div class=\"elementor-element elementor-element-ddfc8b7 e-flex e-con-boxed elementor-invisible e-con e-child\" data-id=\"ddfc8b7\" data-element_type=\"container\" data-settings=\"{&quot;background_background&quot;:&quot;classic&quot;,&quot;animation&quot;:&quot;zoomIn&quot;}\">\n\t\t\t\t\t<div class=\"e-con-inner\">\n\t\t\t\t\t<\/div>\n\t\t\t\t<\/div>\n\t\t\t\t<\/div>\n\t\t\t\t\t<\/div>\n\t\t\t\t<\/div>\n\t\t<div class=\"elementor-element elementor-element-3229b68 e-flex e-con-boxed e-con e-parent\" data-id=\"3229b68\" data-element_type=\"container\">\n\t\t\t\t\t<div class=\"e-con-inner\">\n\t\t<div class=\"elementor-element elementor-element-b79a6a2 e-con-full e-flex e-con e-child\" data-id=\"b79a6a2\" data-element_type=\"container\" data-settings=\"{&quot;background_background&quot;:&quot;classic&quot;}\">\n\t\t<div class=\"elementor-element elementor-element-40b2073 e-flex e-con-boxed elementor-invisible e-con e-child\" data-id=\"40b2073\" data-element_type=\"container\" data-settings=\"{&quot;background_background&quot;:&quot;classic&quot;,&quot;animation&quot;:&quot;zoomIn&quot;}\">\n\t\t\t\t\t<div class=\"e-con-inner\">\n\t\t\t\t\t<\/div>\n\t\t\t\t<\/div>\n\t\t\t\t<\/div>\n\t\t<div class=\"elementor-element elementor-element-1b462c6 e-con-full e-flex e-con e-child\" data-id=\"1b462c6\" data-element_type=\"container\" data-settings=\"{&quot;background_background&quot;:&quot;classic&quot;}\">\n\t\t\t\t<div class=\"elementor-element elementor-element-59aa0ba elementor-view-default elementor-widget elementor-widget-icon\" data-id=\"59aa0ba\" data-element_type=\"widget\" data-widget_type=\"icon.default\">\n\t\t\t\t<div class=\"elementor-widget-container\">\n\t\t\t\t\t\t\t<div class=\"elementor-icon-wrapper\">\n\t\t\t<div class=\"elementor-icon\">\n\t\t\t<i aria-hidden=\"true\" class=\"fas fa-quote-right\"><\/i>\t\t\t<\/div>\n\t\t<\/div>\n\t\t\t\t\t\t<\/div>\n\t\t\t\t<\/div>\n\t\t\t\t<div class=\"elementor-element elementor-element-4e981f3 elementor-widget elementor-widget-text-editor\" data-id=\"4e981f3\" data-element_type=\"widget\" data-widget_type=\"text-editor.default\">\n\t\t\t\t<div class=\"elementor-widget-container\">\n\t\t\t\t\t\t\t\t\t<ul><li>Valve overhauls CHP Wedel, CHP Tiefstack and others<\/li><li>Valve overhauls Corvette Braunschweig, MJB Datteln and others<\/li><li>Conversion of steam diverter station in a power plant Rostock<\/li><li>Special valve construction<ul><li>Ball vent valves<\/li><li>Control ball valves<\/li><li>High-performance valve<\/li><\/ul><\/li><\/ul>\t\t\t\t\t\t\t\t<\/div>\n\t\t\t\t<\/div>\n\t\t\t\t<\/div>\n\t\t\t\t\t<\/div>\n\t\t\t\t<\/div>\n\t\t<div class=\"elementor-element elementor-element-dacdbd4 e-flex e-con-boxed e-con e-parent\" data-id=\"dacdbd4\" data-element_type=\"container\">\n\t\t\t\t\t<div class=\"e-con-inner\">\n\t\t<div class=\"elementor-element elementor-element-90d7101 e-con-full e-flex e-con e-child\" data-id=\"90d7101\" data-element_type=\"container\" data-settings=\"{&quot;background_background&quot;:&quot;classic&quot;}\">\n\t\t\t\t<div class=\"elementor-element elementor-element-a2de14e elementor-view-default elementor-widget elementor-widget-icon\" data-id=\"a2de14e\" data-element_type=\"widget\" data-widget_type=\"icon.default\">\n\t\t\t\t<div class=\"elementor-widget-container\">\n\t\t\t\t\t\t\t<div class=\"elementor-icon-wrapper\">\n\t\t\t<div class=\"elementor-icon\">\n\t\t\t<i aria-hidden=\"true\" class=\"fas fa-quote-left\"><\/i>\t\t\t<\/div>\n\t\t<\/div>\n\t\t\t\t\t\t<\/div>\n\t\t\t\t<\/div>\n\t\t\t\t<div class=\"elementor-element elementor-element-18c3fce elementor-widget elementor-widget-text-editor\" data-id=\"18c3fce\" data-element_type=\"widget\" data-widget_type=\"text-editor.default\">\n\t\t\t\t<div class=\"elementor-widget-container\">\n\t\t\t\t\t\t\t\t\t<ul><li>Hybridization of the Warnow and Breitling ferry<\/li><li>Class renewal and conversion of Akademik Cherskiy<\/li><li>Wartung\/Instandsetzung Transfersysteme Kielblocktr\u00e4ger, Gripping-Jacks<\/li><li>Maintenance\/repair of ship lifts, docks<\/li><\/ul>\t\t\t\t\t\t\t\t<\/div>\n\t\t\t\t<\/div>\n\t\t\t\t<\/div>\n\t\t<div class=\"elementor-element elementor-element-a7b918e e-con-full e-flex e-con e-child\" data-id=\"a7b918e\" data-element_type=\"container\" data-settings=\"{&quot;background_background&quot;:&quot;classic&quot;}\">\n\t\t<div class=\"elementor-element elementor-element-0ca5a28 e-flex e-con-boxed elementor-invisible e-con e-child\" data-id=\"0ca5a28\" data-element_type=\"container\" data-settings=\"{&quot;background_background&quot;:&quot;classic&quot;,&quot;animation&quot;:&quot;zoomIn&quot;}\">\n\t\t\t\t\t<div class=\"e-con-inner\">\n\t\t\t\t\t<\/div>\n\t\t\t\t<\/div>\n\t\t\t\t<\/div>\n\t\t\t\t\t<\/div>\n\t\t\t\t<\/div>\n\t\t<div class=\"elementor-element elementor-element-05275b5 e-flex e-con-boxed e-con e-parent\" data-id=\"05275b5\" data-element_type=\"container\">\n\t\t\t\t\t<div class=\"e-con-inner\">\n\t\t<div class=\"elementor-element elementor-element-430e823 e-con-full e-flex e-con e-child\" data-id=\"430e823\" data-element_type=\"container\" data-settings=\"{&quot;background_background&quot;:&quot;classic&quot;}\">\n\t\t<div class=\"elementor-element elementor-element-18ea60d e-flex e-con-boxed elementor-invisible e-con e-child\" data-id=\"18ea60d\" data-element_type=\"container\" data-settings=\"{&quot;background_background&quot;:&quot;classic&quot;,&quot;animation&quot;:&quot;zoomIn&quot;}\">\n\t\t\t\t\t<div class=\"e-con-inner\">\n\t\t\t\t\t<\/div>\n\t\t\t\t<\/div>\n\t\t\t\t<\/div>\n\t\t<div class=\"elementor-element elementor-element-88b09f3 e-con-full e-flex e-con e-child\" data-id=\"88b09f3\" data-element_type=\"container\" data-settings=\"{&quot;background_background&quot;:&quot;classic&quot;}\">\n\t\t\t\t<div class=\"elementor-element elementor-element-e7f5fa7 elementor-view-default elementor-widget elementor-widget-icon\" data-id=\"e7f5fa7\" data-element_type=\"widget\" data-widget_type=\"icon.default\">\n\t\t\t\t<div class=\"elementor-widget-container\">\n\t\t\t\t\t\t\t<div class=\"elementor-icon-wrapper\">\n\t\t\t<div class=\"elementor-icon\">\n\t\t\t<i aria-hidden=\"true\" class=\"fas fa-quote-right\"><\/i>\t\t\t<\/div>\n\t\t<\/div>\n\t\t\t\t\t\t<\/div>\n\t\t\t\t<\/div>\n\t\t\t\t<div class=\"elementor-element elementor-element-2cd66a8 elementor-widget elementor-widget-text-editor\" data-id=\"2cd66a8\" data-element_type=\"widget\" data-widget_type=\"text-editor.default\">\n\t\t\t\t<div class=\"elementor-widget-container\">\n\t\t\t\t\t\t\t\t\t<ul><li>Dismantling\/disassembling of reactor pressure vessel and reactor insulation NPP (nuclear power plant) Neckarwestheim and others<\/li><li>CRD-cutting NPP Barseb\u00e4ck and NPP Oskarshamn and others<\/li><li>Dismantling\/ disassembling WaZ\u00fc NPP M\u00fchleberg<\/li><li>Dismantling\/ disassembling of HP and LP preheaters at NPP Philippsburg and others<\/li><\/ul>\t\t\t\t\t\t\t\t<\/div>\n\t\t\t\t<\/div>\n\t\t\t\t<\/div>\n\t\t\t\t\t<\/div>\n\t\t\t\t<\/div>\n\t\t<div class=\"elementor-element elementor-element-9a25d52 e-flex e-con-boxed e-con e-parent\" data-id=\"9a25d52\" data-element_type=\"container\" data-settings=\"{&quot;background_background&quot;:&quot;classic&quot;}\">\n\t\t\t\t\t<div class=\"e-con-inner\">\n\t\t\t\t\t<\/div>\n\t\t\t\t<\/div>\n\t\t\t\t<\/div>","protected":false},"excerpt":{"rendered":"<p>Referenzen Pre-commissioning von zwei 1230 km langen Pipelines Pumpenrevisionen Korvette Oldenburg, Tender Donau u.a. Pumpenrevisionen Wendelstein 7-X im IPP, Nordwasser u.a. Sonderguss und Fertigung Geh\u00e4use, Laufr\u00e4der Armaturenrevisionen HKW Wedel, HKW Tiefstack u. a. Armaturenrevisionen Korvette Braunschweig, MJB Datteln u. a. Umr\u00fcstung HDU EBS Anlage Rostock Sonderarmaturenbau Kugelentl\u00fcftungsventile Regelkugelh\u00e4hne Hochleistungsarmatur Hybridisierung der F\u00e4hren Warnow und Breitling [&hellip;]<\/p>","protected":false},"author":2,"featured_media":1300,"parent":0,"menu_order":0,"comment_status":"closed","ping_status":"closed","template":"","meta":{"footnotes":""},"class_list":["post-1438","page","type-page","status-publish","has-post-thumbnail","hentry"],"yoast_head":"<!-- This site is optimized with the Yoast SEO plugin v26.1.1 - https:\/\/yoast.com\/wordpress\/plugins\/seo\/ -->\n<title>Referenzen - MAL Maschinen- und Armaturenwerkstatt<\/title>\n<meta name=\"description\" content=\"MAL Expertise europa- und weltweit: Industriepumpen | Industriearmaturen | Stahl- und Schiffsbau | R\u00fcckbau kerntechnischer Anlagen\" \/>\n<meta name=\"robots\" content=\"index, follow, max-snippet:-1, max-image-preview:large, max-video-preview:-1\" \/>\n<link rel=\"canonical\" href=\"https:\/\/mal-online.de\/en\/referenzen\/\" \/>\n<meta property=\"og:locale\" content=\"en_GB\" \/>\n<meta property=\"og:type\" content=\"article\" \/>\n<meta property=\"og:title\" content=\"Referenzen - MAL Maschinen- und Armaturenwerkstatt\" \/>\n<meta property=\"og:description\" content=\"MAL Expertise europa- und weltweit: Industriepumpen | Industriearmaturen | Stahl- und Schiffsbau | R\u00fcckbau kerntechnischer Anlagen\" \/>\n<meta property=\"og:url\" content=\"https:\/\/mal-online.de\/en\/referenzen\/\" \/>\n<meta property=\"og:site_name\" content=\"MAL Maschinen- und Armaturenwerkstatt\" \/>\n<meta property=\"article:modified_time\" content=\"2025-11-27T11:46:24+00:00\" \/>\n<meta property=\"og:image\" content=\"https:\/\/mal-online.de\/wp-content\/uploads\/2024\/03\/mal-europa-location.png\" \/>\n\t<meta property=\"og:image:width\" content=\"10729\" \/>\n\t<meta property=\"og:image:height\" content=\"12500\" \/>\n\t<meta property=\"og:image:type\" content=\"image\/png\" \/>\n<meta name=\"twitter:card\" content=\"summary_large_image\" \/>\n<meta name=\"twitter:label1\" content=\"Estimated reading time\" \/>\n\t<meta name=\"twitter:data1\" content=\"1 minute\" \/>\n<script type=\"application\/ld+json\" class=\"yoast-schema-graph\">{\"@context\":\"https:\/\/schema.org\",\"@graph\":[{\"@type\":\"WebPage\",\"@id\":\"https:\/\/mal-online.de\/referenzen\",\"url\":\"https:\/\/mal-online.de\/referenzen\",\"name\":\"Referenzen - MAL Maschinen- und Armaturenwerkstatt\",\"isPartOf\":{\"@id\":\"https:\/\/mal-online.de\/#website\"},\"primaryImageOfPage\":{\"@id\":\"https:\/\/mal-online.de\/referenzen#primaryimage\"},\"image\":{\"@id\":\"https:\/\/mal-online.de\/referenzen#primaryimage\"},\"thumbnailUrl\":\"https:\/\/mal-online.de\/wp-content\/uploads\/2024\/03\/mal-europa-location.png\",\"datePublished\":\"2024-03-15T06:26:58+00:00\",\"dateModified\":\"2025-11-27T11:46:24+00:00\",\"description\":\"MAL Expertise europa- und weltweit: Industriepumpen | Industriearmaturen | Stahl- und Schiffsbau | R\u00fcckbau kerntechnischer Anlagen\",\"breadcrumb\":{\"@id\":\"https:\/\/mal-online.de\/referenzen#breadcrumb\"},\"inLanguage\":\"en-GB\",\"potentialAction\":[{\"@type\":\"ReadAction\",\"target\":[\"https:\/\/mal-online.de\/referenzen\"]}]},{\"@type\":\"ImageObject\",\"inLanguage\":\"en-GB\",\"@id\":\"https:\/\/mal-online.de\/referenzen#primaryimage\",\"url\":\"https:\/\/mal-online.de\/wp-content\/uploads\/2024\/03\/mal-europa-location.png\",\"contentUrl\":\"https:\/\/mal-online.de\/wp-content\/uploads\/2024\/03\/mal-europa-location.png\",\"width\":10729,\"height\":12500},{\"@type\":\"BreadcrumbList\",\"@id\":\"https:\/\/mal-online.de\/referenzen#breadcrumb\",\"itemListElement\":[{\"@type\":\"ListItem\",\"position\":1,\"name\":\"Startseite\",\"item\":\"https:\/\/mal-online.de\/\"},{\"@type\":\"ListItem\",\"position\":2,\"name\":\"Referenzen\"}]},{\"@type\":\"WebSite\",\"@id\":\"https:\/\/mal-online.de\/#website\",\"url\":\"https:\/\/mal-online.de\/\",\"name\":\"MAL Maschinen- und Armaturenwerkstatt Lubmin\",\"description\":\"\",\"publisher\":{\"@id\":\"https:\/\/mal-online.de\/#organization\"},\"potentialAction\":[{\"@type\":\"SearchAction\",\"target\":{\"@type\":\"EntryPoint\",\"urlTemplate\":\"https:\/\/mal-online.de\/?s={search_term_string}\"},\"query-input\":{\"@type\":\"PropertyValueSpecification\",\"valueRequired\":true,\"valueName\":\"search_term_string\"}}],\"inLanguage\":\"en-GB\"},{\"@type\":\"Organization\",\"@id\":\"https:\/\/mal-online.de\/#organization\",\"name\":\"MAL Maschinen- und Armaturenwerkstatt Lubmin\",\"url\":\"https:\/\/mal-online.de\/\",\"logo\":{\"@type\":\"ImageObject\",\"inLanguage\":\"en-GB\",\"@id\":\"https:\/\/mal-online.de\/#\/schema\/logo\/image\/\",\"url\":\"https:\/\/mal-online.de\/wp-content\/uploads\/2022\/12\/MAL-Logo-500x500-1.jpg\",\"contentUrl\":\"https:\/\/mal-online.de\/wp-content\/uploads\/2022\/12\/MAL-Logo-500x500-1.jpg\",\"width\":500,\"height\":500,\"caption\":\"MAL Maschinen- und Armaturenwerkstatt Lubmin\"},\"image\":{\"@id\":\"https:\/\/mal-online.de\/#\/schema\/logo\/image\/\"}}]}<\/script>\n<!-- \/ Yoast SEO plugin. -->","yoast_head_json":{"title":"Referenzen - MAL Maschinen- und Armaturenwerkstatt","description":"MAL Expertise europa- und weltweit: Industriepumpen | Industriearmaturen | Stahl- und Schiffsbau | R\u00fcckbau kerntechnischer Anlagen","robots":{"index":"index","follow":"follow","max-snippet":"max-snippet:-1","max-image-preview":"max-image-preview:large","max-video-preview":"max-video-preview:-1"},"canonical":"https:\/\/mal-online.de\/en\/referenzen\/","og_locale":"en_GB","og_type":"article","og_title":"Referenzen - MAL Maschinen- und Armaturenwerkstatt","og_description":"MAL Expertise europa- und weltweit: Industriepumpen | Industriearmaturen | Stahl- und Schiffsbau | R\u00fcckbau kerntechnischer Anlagen","og_url":"https:\/\/mal-online.de\/en\/referenzen\/","og_site_name":"MAL Maschinen- und Armaturenwerkstatt","article_modified_time":"2025-11-27T11:46:24+00:00","og_image":[{"width":10729,"height":12500,"url":"https:\/\/mal-online.de\/wp-content\/uploads\/2024\/03\/mal-europa-location.png","type":"image\/png"}],"twitter_card":"summary_large_image","twitter_misc":{"Estimated reading time":"1 minute"},"schema":{"@context":"https:\/\/schema.org","@graph":[{"@type":"WebPage","@id":"https:\/\/mal-online.de\/referenzen","url":"https:\/\/mal-online.de\/referenzen","name":"Referenzen - MAL Maschinen- und Armaturenwerkstatt","isPartOf":{"@id":"https:\/\/mal-online.de\/#website"},"primaryImageOfPage":{"@id":"https:\/\/mal-online.de\/referenzen#primaryimage"},"image":{"@id":"https:\/\/mal-online.de\/referenzen#primaryimage"},"thumbnailUrl":"https:\/\/mal-online.de\/wp-content\/uploads\/2024\/03\/mal-europa-location.png","datePublished":"2024-03-15T06:26:58+00:00","dateModified":"2025-11-27T11:46:24+00:00","description":"MAL Expertise europa- und weltweit: Industriepumpen | Industriearmaturen | Stahl- und Schiffsbau | R\u00fcckbau kerntechnischer Anlagen","breadcrumb":{"@id":"https:\/\/mal-online.de\/referenzen#breadcrumb"},"inLanguage":"en-GB","potentialAction":[{"@type":"ReadAction","target":["https:\/\/mal-online.de\/referenzen"]}]},{"@type":"ImageObject","inLanguage":"en-GB","@id":"https:\/\/mal-online.de\/referenzen#primaryimage","url":"https:\/\/mal-online.de\/wp-content\/uploads\/2024\/03\/mal-europa-location.png","contentUrl":"https:\/\/mal-online.de\/wp-content\/uploads\/2024\/03\/mal-europa-location.png","width":10729,"height":12500},{"@type":"BreadcrumbList","@id":"https:\/\/mal-online.de\/referenzen#breadcrumb","itemListElement":[{"@type":"ListItem","position":1,"name":"Startseite","item":"https:\/\/mal-online.de\/"},{"@type":"ListItem","position":2,"name":"Referenzen"}]},{"@type":"WebSite","@id":"https:\/\/mal-online.de\/#website","url":"https:\/\/mal-online.de\/","name":"MAL Maschinen- und Armaturenwerkstatt Lubmin","description":"","publisher":{"@id":"https:\/\/mal-online.de\/#organization"},"potentialAction":[{"@type":"SearchAction","target":{"@type":"EntryPoint","urlTemplate":"https:\/\/mal-online.de\/?s={search_term_string}"},"query-input":{"@type":"PropertyValueSpecification","valueRequired":true,"valueName":"search_term_string"}}],"inLanguage":"en-GB"},{"@type":"Organization","@id":"https:\/\/mal-online.de\/#organization","name":"MAL Maschinen- und Armaturenwerkstatt Lubmin","url":"https:\/\/mal-online.de\/","logo":{"@type":"ImageObject","inLanguage":"en-GB","@id":"https:\/\/mal-online.de\/#\/schema\/logo\/image\/","url":"https:\/\/mal-online.de\/wp-content\/uploads\/2022\/12\/MAL-Logo-500x500-1.jpg","contentUrl":"https:\/\/mal-online.de\/wp-content\/uploads\/2022\/12\/MAL-Logo-500x500-1.jpg","width":500,"height":500,"caption":"MAL Maschinen- und Armaturenwerkstatt Lubmin"},"image":{"@id":"https:\/\/mal-online.de\/#\/schema\/logo\/image\/"}}]}},"_links":{"self":[{"href":"https:\/\/mal-online.de\/en\/wp-json\/wp\/v2\/pages\/1438","targetHints":{"allow":["GET"]}}],"collection":[{"href":"https:\/\/mal-online.de\/en\/wp-json\/wp\/v2\/pages"}],"about":[{"href":"https:\/\/mal-online.de\/en\/wp-json\/wp\/v2\/types\/page"}],"author":[{"embeddable":true,"href":"https:\/\/mal-online.de\/en\/wp-json\/wp\/v2\/users\/2"}],"replies":[{"embeddable":true,"href":"https:\/\/mal-online.de\/en\/wp-json\/wp\/v2\/comments?post=1438"}],"version-history":[{"count":139,"href":"https:\/\/mal-online.de\/en\/wp-json\/wp\/v2\/pages\/1438\/revisions"}],"predecessor-version":[{"id":3001,"href":"https:\/\/mal-online.de\/en\/wp-json\/wp\/v2\/pages\/1438\/revisions\/3001"}],"wp:featuredmedia":[{"embeddable":true,"href":"https:\/\/mal-online.de\/en\/wp-json\/wp\/v2\/media\/1300"}],"wp:attachment":[{"href":"https:\/\/mal-online.de\/en\/wp-json\/wp\/v2\/media?parent=1438"}],"curies":[{"name":"wp","href":"https:\/\/api.w.org\/{rel}","templated":true}]}}