{"id":1128,"date":"2024-03-04T04:44:02","date_gmt":"2024-03-04T04:44:02","guid":{"rendered":"https:\/\/neu.mal-online.de\/?page_id=1128"},"modified":"2024-04-05T13:28:52","modified_gmt":"2024-04-05T13:28:52","slug":"rueckbau-kerntechnischer-anlagen","status":"publish","type":"page","link":"https:\/\/mal-online.de\/en\/rueckbau-kerntechnischer-anlagen","title":{"rendered":"Decommissioning of nuclear facilities"},"content":{"rendered":"<div data-elementor-type=\"wp-page\" data-elementor-id=\"1128\" class=\"elementor elementor-1128\" data-elementor-post-type=\"page\">\n\t\t\t\t<div class=\"elementor-element elementor-element-9f4701c e-con-full e-flex e-con e-parent\" data-id=\"9f4701c\" data-element_type=\"container\" data-settings=\"{&quot;background_background&quot;:&quot;classic&quot;}\">\n\t\t\t\t<div class=\"elementor-element elementor-element-7b3c42e elementor-widget elementor-widget-heading\" data-id=\"7b3c42e\" data-element_type=\"widget\" data-widget_type=\"heading.default\">\n\t\t\t\t<div class=\"elementor-widget-container\">\n\t\t\t\t\t<h1 class=\"elementor-heading-title elementor-size-default\">Decommissioning of nuclear facilities<\/h1>\t\t\t\t<\/div>\n\t\t\t\t<\/div>\n\t\t\t\t<\/div>\n\t\t<div class=\"elementor-element elementor-element-d287d8e e-flex e-con-boxed e-con e-parent\" data-id=\"d287d8e\" data-element_type=\"container\">\n\t\t\t\t\t<div class=\"e-con-inner\">\n\t\t<div class=\"elementor-element elementor-element-f79ce8c e-con-full e-flex e-con e-child\" data-id=\"f79ce8c\" data-element_type=\"container\" data-settings=\"{&quot;background_background&quot;:&quot;classic&quot;}\">\n\t\t<div class=\"elementor-element elementor-element-3c3d341 e-flex e-con-boxed elementor-invisible e-con e-child\" data-id=\"3c3d341\" data-element_type=\"container\" data-settings=\"{&quot;background_background&quot;:&quot;classic&quot;,&quot;animation&quot;:&quot;zoomIn&quot;}\">\n\t\t\t\t\t<div class=\"e-con-inner\">\n\t\t\t\t\t<\/div>\n\t\t\t\t<\/div>\n\t\t\t\t<\/div>\n\t\t<div class=\"elementor-element elementor-element-aa675fc e-con-full e-flex e-con e-child\" data-id=\"aa675fc\" data-element_type=\"container\" data-settings=\"{&quot;background_background&quot;:&quot;classic&quot;}\">\n\t\t\t\t<div class=\"elementor-element elementor-element-9eb1837 elementor-view-default elementor-widget elementor-widget-icon\" data-id=\"9eb1837\" data-element_type=\"widget\" data-widget_type=\"icon.default\">\n\t\t\t\t<div class=\"elementor-widget-container\">\n\t\t\t\t\t\t\t<div class=\"elementor-icon-wrapper\">\n\t\t\t<div class=\"elementor-icon\">\n\t\t\t<i aria-hidden=\"true\" class=\"fas fa-industry\"><\/i>\t\t\t<\/div>\n\t\t<\/div>\n\t\t\t\t\t\t<\/div>\n\t\t\t\t<\/div>\n\t\t\t\t<div class=\"elementor-element elementor-element-2fe6def elementor-widget elementor-widget-text-editor\" data-id=\"2fe6def\" data-element_type=\"widget\" data-widget_type=\"text-editor.default\">\n\t\t\t\t<div class=\"elementor-widget-container\">\n\t\t\t\t\t\t\t\t\t<p>Safe and efficient dismantling of nuclear facilities is one of the most demanding activities having the strictest regulatory requirements for occupational safety.<\/p><p>The dismantling of the respective components is carried out using special machinery and the latest technical processes.<\/p>\t\t\t\t\t\t\t\t<\/div>\n\t\t\t\t<\/div>\n\t\t\t\t<\/div>\n\t\t\t\t\t<\/div>\n\t\t\t\t<\/div>\n\t\t<div class=\"elementor-element elementor-element-2e7207d e-flex e-con-boxed e-con e-parent\" data-id=\"2e7207d\" data-element_type=\"container\">\n\t\t\t\t\t<div class=\"e-con-inner\">\n\t\t<div class=\"elementor-element elementor-element-e84ae3d e-con-full e-flex e-con e-child\" data-id=\"e84ae3d\" data-element_type=\"container\" data-settings=\"{&quot;background_background&quot;:&quot;classic&quot;}\">\n\t\t\t\t<div class=\"elementor-element elementor-element-97d58e8 elementor-view-default elementor-widget elementor-widget-icon\" data-id=\"97d58e8\" data-element_type=\"widget\" data-widget_type=\"icon.default\">\n\t\t\t\t<div class=\"elementor-widget-container\">\n\t\t\t\t\t\t\t<div class=\"elementor-icon-wrapper\">\n\t\t\t<div class=\"elementor-icon\">\n\t\t\t<i aria-hidden=\"true\" class=\"fas fa-project-diagram\"><\/i>\t\t\t<\/div>\n\t\t<\/div>\n\t\t\t\t\t\t<\/div>\n\t\t\t\t<\/div>\n\t\t\t\t<div class=\"elementor-element elementor-element-f073afe elementor-widget elementor-widget-text-editor\" data-id=\"f073afe\" data-element_type=\"widget\" data-widget_type=\"text-editor.default\">\n\t\t\t\t<div class=\"elementor-widget-container\">\n\t\t\t\t\t\t\t\t\tWe have successfully completed numerous projects to date, both manually and remotely. These include, for example, the dismantling of CRDs and NFDs, the dismantling of reactor pressure vessels and reactor insulation or the HP and LP preheaters. \t\t\t\t\t\t\t\t<\/div>\n\t\t\t\t<\/div>\n\t\t\t\t<\/div>\n\t\t<div class=\"elementor-element elementor-element-613720d e-con-full e-flex e-con e-child\" data-id=\"613720d\" data-element_type=\"container\" data-settings=\"{&quot;background_background&quot;:&quot;classic&quot;}\">\n\t\t<div class=\"elementor-element elementor-element-ddfc8b7 e-flex e-con-boxed elementor-invisible e-con e-child\" data-id=\"ddfc8b7\" data-element_type=\"container\" data-settings=\"{&quot;background_background&quot;:&quot;classic&quot;,&quot;animation&quot;:&quot;zoomIn&quot;}\">\n\t\t\t\t\t<div class=\"e-con-inner\">\n\t\t\t\t\t<\/div>\n\t\t\t\t<\/div>\n\t\t\t\t<\/div>\n\t\t\t\t\t<\/div>\n\t\t\t\t<\/div>\n\t\t<div class=\"elementor-element elementor-element-3229b68 e-flex e-con-boxed e-con e-parent\" data-id=\"3229b68\" data-element_type=\"container\">\n\t\t\t\t\t<div class=\"e-con-inner\">\n\t\t<div class=\"elementor-element elementor-element-b79a6a2 e-con-full e-flex e-con e-child\" data-id=\"b79a6a2\" data-element_type=\"container\" data-settings=\"{&quot;background_background&quot;:&quot;classic&quot;}\">\n\t\t<div class=\"elementor-element elementor-element-40b2073 e-flex e-con-boxed elementor-invisible e-con e-child\" data-id=\"40b2073\" data-element_type=\"container\" data-settings=\"{&quot;background_background&quot;:&quot;classic&quot;,&quot;animation&quot;:&quot;zoomIn&quot;}\">\n\t\t\t\t\t<div class=\"e-con-inner\">\n\t\t\t\t\t<\/div>\n\t\t\t\t<\/div>\n\t\t\t\t<\/div>\n\t\t<div class=\"elementor-element elementor-element-1b462c6 e-con-full e-flex e-con e-child\" data-id=\"1b462c6\" data-element_type=\"container\" data-settings=\"{&quot;background_background&quot;:&quot;classic&quot;}\">\n\t\t\t\t<div class=\"elementor-element elementor-element-59aa0ba elementor-view-default elementor-widget elementor-widget-icon\" data-id=\"59aa0ba\" data-element_type=\"widget\" data-widget_type=\"icon.default\">\n\t\t\t\t<div class=\"elementor-widget-container\">\n\t\t\t\t\t\t\t<div class=\"elementor-icon-wrapper\">\n\t\t\t<div class=\"elementor-icon\">\n\t\t\t<i aria-hidden=\"true\" class=\"fas fa-people-arrows\"><\/i>\t\t\t<\/div>\n\t\t<\/div>\n\t\t\t\t\t\t<\/div>\n\t\t\t\t<\/div>\n\t\t\t\t<div class=\"elementor-element elementor-element-4e981f3 elementor-widget elementor-widget-text-editor\" data-id=\"4e981f3\" data-element_type=\"widget\" data-widget_type=\"text-editor.default\">\n\t\t\t\t<div class=\"elementor-widget-container\">\n\t\t\t\t\t\t\t\t\tThe basic requirement for a successful dismantling project is, in addition to the use of qualified and experienced permanent staff, a prudent, clean and forward-looking way of working.\t\t\t\t\t\t\t\t<\/div>\n\t\t\t\t<\/div>\n\t\t\t\t<\/div>\n\t\t\t\t\t<\/div>\n\t\t\t\t<\/div>\n\t\t<div class=\"elementor-element elementor-element-8d99d3d e-flex e-con-boxed e-con e-parent\" data-id=\"8d99d3d\" data-element_type=\"container\" data-settings=\"{&quot;background_background&quot;:&quot;classic&quot;}\">\n\t\t\t\t\t<div class=\"e-con-inner\">\n\t\t\t\t<div class=\"elementor-element elementor-element-73679a5 elementor-align-center elementor-widget elementor-widget-button\" data-id=\"73679a5\" data-element_type=\"widget\" data-widget_type=\"button.default\">\n\t\t\t\t<div class=\"elementor-widget-container\">\n\t\t\t\t\t\t\t\t\t<div class=\"elementor-button-wrapper\">\n\t\t\t\t\t<a class=\"elementor-button elementor-button-link elementor-size-lg\" href=\"\/en\/referenzen\/\">\n\t\t\t\t\t\t<span class=\"elementor-button-content-wrapper\">\n\t\t\t\t\t\t\t\t\t<span class=\"elementor-button-text\">References<\/span>\n\t\t\t\t\t<\/span>\n\t\t\t\t\t<\/a>\n\t\t\t\t<\/div>\n\t\t\t\t\t\t\t\t<\/div>\n\t\t\t\t<\/div>\n\t\t\t\t\t<\/div>\n\t\t\t\t<\/div>\n\t\t\t\t<\/div>","protected":false},"excerpt":{"rendered":"<p>R\u00fcckbau kerntechnischer Anlagen Ein sicherer und effizienter R\u00fcckbau kerntechnischer Anlagen ist eine der anspruchsvollsten T\u00e4tigkeiten unter strengsten beh\u00f6rdlichen Vorgaben zur Arbeitssicherheit. Die Demontage der jeweiligen Komponenten wird mit Spezialmaschinen und mit den neuesten technischen Verfahren durchgef\u00fchrt Zahlreiche Projekte ob manuell oder fernhantiert wurden von uns bisher erfolgreich umgesetzt. Dazu z\u00e4hlen beispielsweise die Demontage von CRD\u2019s [&hellip;]<\/p>","protected":false},"author":2,"featured_media":1152,"parent":0,"menu_order":0,"comment_status":"closed","ping_status":"closed","template":"","meta":{"footnotes":""},"class_list":["post-1128","page","type-page","status-publish","has-post-thumbnail","hentry"],"yoast_head":"<!-- This site is optimized with the Yoast SEO plugin v26.1.1 - https:\/\/yoast.com\/wordpress\/plugins\/seo\/ -->\n<title>R\u00fcckbau kerntechnischer Anlagen - MAL Maschinen- und Armaturenwerkstatt<\/title>\n<meta name=\"description\" content=\"Sicherer und effizienter R\u00fcckbau kerntechnischer Anlagen unter strengsten beh\u00f6rdlichen Vorgaben, Demontage CRD\u2019s und NFD\u2019s, Zerlegung von Reaktordruckbeh\u00e4ltern, Reaktorisolierung, HD und ND Vorw\u00e4rmer\" \/>\n<meta name=\"robots\" content=\"index, follow, max-snippet:-1, max-image-preview:large, max-video-preview:-1\" \/>\n<link rel=\"canonical\" href=\"https:\/\/mal-online.de\/en\/rueckbau-kerntechnischer-anlagen\/\" \/>\n<meta property=\"og:locale\" content=\"en_GB\" \/>\n<meta property=\"og:type\" content=\"article\" \/>\n<meta property=\"og:title\" content=\"R\u00fcckbau kerntechnischer Anlagen - MAL Maschinen- und Armaturenwerkstatt\" \/>\n<meta property=\"og:description\" content=\"Sicherer und effizienter R\u00fcckbau kerntechnischer Anlagen unter strengsten beh\u00f6rdlichen Vorgaben, Demontage CRD\u2019s und NFD\u2019s, Zerlegung von Reaktordruckbeh\u00e4ltern, Reaktorisolierung, HD und ND Vorw\u00e4rmer\" \/>\n<meta property=\"og:url\" content=\"https:\/\/mal-online.de\/en\/rueckbau-kerntechnischer-anlagen\/\" \/>\n<meta property=\"og:site_name\" content=\"MAL Maschinen- und Armaturenwerkstatt\" \/>\n<meta property=\"article:modified_time\" content=\"2024-04-05T13:28:52+00:00\" \/>\n<meta property=\"og:image\" content=\"https:\/\/mal-online.de\/wp-content\/uploads\/2022\/12\/MAL-Logo-500x500-1.jpg\" \/>\n\t<meta property=\"og:image:width\" content=\"500\" \/>\n\t<meta property=\"og:image:height\" content=\"500\" \/>\n\t<meta property=\"og:image:type\" content=\"image\/jpeg\" \/>\n<meta name=\"twitter:card\" content=\"summary_large_image\" \/>\n<meta name=\"twitter:label1\" content=\"Estimated reading time\" \/>\n\t<meta name=\"twitter:data1\" content=\"1 minute\" \/>\n<script type=\"application\/ld+json\" class=\"yoast-schema-graph\">{\"@context\":\"https:\/\/schema.org\",\"@graph\":[{\"@type\":\"WebPage\",\"@id\":\"https:\/\/mal-online.de\/rueckbau-kerntechnischer-anlagen\",\"url\":\"https:\/\/mal-online.de\/rueckbau-kerntechnischer-anlagen\",\"name\":\"R\u00fcckbau kerntechnischer Anlagen - MAL Maschinen- und Armaturenwerkstatt\",\"isPartOf\":{\"@id\":\"https:\/\/mal-online.de\/#website\"},\"primaryImageOfPage\":{\"@id\":\"https:\/\/mal-online.de\/rueckbau-kerntechnischer-anlagen#primaryimage\"},\"image\":{\"@id\":\"https:\/\/mal-online.de\/rueckbau-kerntechnischer-anlagen#primaryimage\"},\"thumbnailUrl\":\"https:\/\/mal-online.de\/wp-content\/uploads\/2022\/12\/MAL-Logo-500x500-1.jpg\",\"datePublished\":\"2024-03-04T04:44:02+00:00\",\"dateModified\":\"2024-04-05T13:28:52+00:00\",\"description\":\"Sicherer und effizienter R\u00fcckbau kerntechnischer Anlagen unter strengsten beh\u00f6rdlichen Vorgaben, Demontage CRD\u2019s und NFD\u2019s, Zerlegung von Reaktordruckbeh\u00e4ltern, Reaktorisolierung, HD und ND Vorw\u00e4rmer\",\"breadcrumb\":{\"@id\":\"https:\/\/mal-online.de\/rueckbau-kerntechnischer-anlagen#breadcrumb\"},\"inLanguage\":\"en-GB\",\"potentialAction\":[{\"@type\":\"ReadAction\",\"target\":[\"https:\/\/mal-online.de\/rueckbau-kerntechnischer-anlagen\"]}]},{\"@type\":\"ImageObject\",\"inLanguage\":\"en-GB\",\"@id\":\"https:\/\/mal-online.de\/rueckbau-kerntechnischer-anlagen#primaryimage\",\"url\":\"https:\/\/mal-online.de\/wp-content\/uploads\/2022\/12\/MAL-Logo-500x500-1.jpg\",\"contentUrl\":\"https:\/\/mal-online.de\/wp-content\/uploads\/2022\/12\/MAL-Logo-500x500-1.jpg\",\"width\":500,\"height\":500},{\"@type\":\"BreadcrumbList\",\"@id\":\"https:\/\/mal-online.de\/rueckbau-kerntechnischer-anlagen#breadcrumb\",\"itemListElement\":[{\"@type\":\"ListItem\",\"position\":1,\"name\":\"Startseite\",\"item\":\"https:\/\/mal-online.de\/\"},{\"@type\":\"ListItem\",\"position\":2,\"name\":\"R\u00fcckbau kerntechnischer Anlagen\"}]},{\"@type\":\"WebSite\",\"@id\":\"https:\/\/mal-online.de\/#website\",\"url\":\"https:\/\/mal-online.de\/\",\"name\":\"MAL Maschinen- und Armaturenwerkstatt Lubmin\",\"description\":\"\",\"publisher\":{\"@id\":\"https:\/\/mal-online.de\/#organization\"},\"potentialAction\":[{\"@type\":\"SearchAction\",\"target\":{\"@type\":\"EntryPoint\",\"urlTemplate\":\"https:\/\/mal-online.de\/?s={search_term_string}\"},\"query-input\":{\"@type\":\"PropertyValueSpecification\",\"valueRequired\":true,\"valueName\":\"search_term_string\"}}],\"inLanguage\":\"en-GB\"},{\"@type\":\"Organization\",\"@id\":\"https:\/\/mal-online.de\/#organization\",\"name\":\"MAL Maschinen- und Armaturenwerkstatt Lubmin\",\"url\":\"https:\/\/mal-online.de\/\",\"logo\":{\"@type\":\"ImageObject\",\"inLanguage\":\"en-GB\",\"@id\":\"https:\/\/mal-online.de\/#\/schema\/logo\/image\/\",\"url\":\"https:\/\/mal-online.de\/wp-content\/uploads\/2022\/12\/MAL-Logo-500x500-1.jpg\",\"contentUrl\":\"https:\/\/mal-online.de\/wp-content\/uploads\/2022\/12\/MAL-Logo-500x500-1.jpg\",\"width\":500,\"height\":500,\"caption\":\"MAL Maschinen- und Armaturenwerkstatt Lubmin\"},\"image\":{\"@id\":\"https:\/\/mal-online.de\/#\/schema\/logo\/image\/\"}}]}<\/script>\n<!-- \/ Yoast SEO plugin. -->","yoast_head_json":{"title":"R\u00fcckbau kerntechnischer Anlagen - MAL Maschinen- und Armaturenwerkstatt","description":"Sicherer und effizienter R\u00fcckbau kerntechnischer Anlagen unter strengsten beh\u00f6rdlichen Vorgaben, Demontage CRD\u2019s und NFD\u2019s, Zerlegung von Reaktordruckbeh\u00e4ltern, Reaktorisolierung, HD und ND Vorw\u00e4rmer","robots":{"index":"index","follow":"follow","max-snippet":"max-snippet:-1","max-image-preview":"max-image-preview:large","max-video-preview":"max-video-preview:-1"},"canonical":"https:\/\/mal-online.de\/en\/rueckbau-kerntechnischer-anlagen\/","og_locale":"en_GB","og_type":"article","og_title":"R\u00fcckbau kerntechnischer Anlagen - MAL Maschinen- und Armaturenwerkstatt","og_description":"Sicherer und effizienter R\u00fcckbau kerntechnischer Anlagen unter strengsten beh\u00f6rdlichen Vorgaben, Demontage CRD\u2019s und NFD\u2019s, Zerlegung von Reaktordruckbeh\u00e4ltern, Reaktorisolierung, HD und ND Vorw\u00e4rmer","og_url":"https:\/\/mal-online.de\/en\/rueckbau-kerntechnischer-anlagen\/","og_site_name":"MAL Maschinen- und Armaturenwerkstatt","article_modified_time":"2024-04-05T13:28:52+00:00","og_image":[{"width":500,"height":500,"url":"https:\/\/mal-online.de\/wp-content\/uploads\/2022\/12\/MAL-Logo-500x500-1.jpg","type":"image\/jpeg"}],"twitter_card":"summary_large_image","twitter_misc":{"Estimated reading time":"1 minute"},"schema":{"@context":"https:\/\/schema.org","@graph":[{"@type":"WebPage","@id":"https:\/\/mal-online.de\/rueckbau-kerntechnischer-anlagen","url":"https:\/\/mal-online.de\/rueckbau-kerntechnischer-anlagen","name":"R\u00fcckbau kerntechnischer Anlagen - MAL Maschinen- und Armaturenwerkstatt","isPartOf":{"@id":"https:\/\/mal-online.de\/#website"},"primaryImageOfPage":{"@id":"https:\/\/mal-online.de\/rueckbau-kerntechnischer-anlagen#primaryimage"},"image":{"@id":"https:\/\/mal-online.de\/rueckbau-kerntechnischer-anlagen#primaryimage"},"thumbnailUrl":"https:\/\/mal-online.de\/wp-content\/uploads\/2022\/12\/MAL-Logo-500x500-1.jpg","datePublished":"2024-03-04T04:44:02+00:00","dateModified":"2024-04-05T13:28:52+00:00","description":"Sicherer und effizienter R\u00fcckbau kerntechnischer Anlagen unter strengsten beh\u00f6rdlichen Vorgaben, Demontage CRD\u2019s und NFD\u2019s, Zerlegung von Reaktordruckbeh\u00e4ltern, Reaktorisolierung, HD und ND Vorw\u00e4rmer","breadcrumb":{"@id":"https:\/\/mal-online.de\/rueckbau-kerntechnischer-anlagen#breadcrumb"},"inLanguage":"en-GB","potentialAction":[{"@type":"ReadAction","target":["https:\/\/mal-online.de\/rueckbau-kerntechnischer-anlagen"]}]},{"@type":"ImageObject","inLanguage":"en-GB","@id":"https:\/\/mal-online.de\/rueckbau-kerntechnischer-anlagen#primaryimage","url":"https:\/\/mal-online.de\/wp-content\/uploads\/2022\/12\/MAL-Logo-500x500-1.jpg","contentUrl":"https:\/\/mal-online.de\/wp-content\/uploads\/2022\/12\/MAL-Logo-500x500-1.jpg","width":500,"height":500},{"@type":"BreadcrumbList","@id":"https:\/\/mal-online.de\/rueckbau-kerntechnischer-anlagen#breadcrumb","itemListElement":[{"@type":"ListItem","position":1,"name":"Startseite","item":"https:\/\/mal-online.de\/"},{"@type":"ListItem","position":2,"name":"R\u00fcckbau kerntechnischer Anlagen"}]},{"@type":"WebSite","@id":"https:\/\/mal-online.de\/#website","url":"https:\/\/mal-online.de\/","name":"MAL Maschinen- und Armaturenwerkstatt Lubmin","description":"","publisher":{"@id":"https:\/\/mal-online.de\/#organization"},"potentialAction":[{"@type":"SearchAction","target":{"@type":"EntryPoint","urlTemplate":"https:\/\/mal-online.de\/?s={search_term_string}"},"query-input":{"@type":"PropertyValueSpecification","valueRequired":true,"valueName":"search_term_string"}}],"inLanguage":"en-GB"},{"@type":"Organization","@id":"https:\/\/mal-online.de\/#organization","name":"MAL Maschinen- und Armaturenwerkstatt Lubmin","url":"https:\/\/mal-online.de\/","logo":{"@type":"ImageObject","inLanguage":"en-GB","@id":"https:\/\/mal-online.de\/#\/schema\/logo\/image\/","url":"https:\/\/mal-online.de\/wp-content\/uploads\/2022\/12\/MAL-Logo-500x500-1.jpg","contentUrl":"https:\/\/mal-online.de\/wp-content\/uploads\/2022\/12\/MAL-Logo-500x500-1.jpg","width":500,"height":500,"caption":"MAL Maschinen- und Armaturenwerkstatt Lubmin"},"image":{"@id":"https:\/\/mal-online.de\/#\/schema\/logo\/image\/"}}]}},"_links":{"self":[{"href":"https:\/\/mal-online.de\/en\/wp-json\/wp\/v2\/pages\/1128","targetHints":{"allow":["GET"]}}],"collection":[{"href":"https:\/\/mal-online.de\/en\/wp-json\/wp\/v2\/pages"}],"about":[{"href":"https:\/\/mal-online.de\/en\/wp-json\/wp\/v2\/types\/page"}],"author":[{"embeddable":true,"href":"https:\/\/mal-online.de\/en\/wp-json\/wp\/v2\/users\/2"}],"replies":[{"embeddable":true,"href":"https:\/\/mal-online.de\/en\/wp-json\/wp\/v2\/comments?post=1128"}],"version-history":[{"count":73,"href":"https:\/\/mal-online.de\/en\/wp-json\/wp\/v2\/pages\/1128\/revisions"}],"predecessor-version":[{"id":2180,"href":"https:\/\/mal-online.de\/en\/wp-json\/wp\/v2\/pages\/1128\/revisions\/2180"}],"wp:featuredmedia":[{"embeddable":true,"href":"https:\/\/mal-online.de\/en\/wp-json\/wp\/v2\/media\/1152"}],"wp:attachment":[{"href":"https:\/\/mal-online.de\/en\/wp-json\/wp\/v2\/media?parent=1128"}],"curies":[{"name":"wp","href":"https:\/\/api.w.org\/{rel}","templated":true}]}}