{"id":1104,"date":"2024-03-04T04:28:09","date_gmt":"2024-03-04T04:28:09","guid":{"rendered":"https:\/\/neu.mal-online.de\/?page_id=1104"},"modified":"2024-04-05T13:25:52","modified_gmt":"2024-04-05T13:25:52","slug":"stahl-schiffbau","status":"publish","type":"page","link":"https:\/\/mal-online.de\/en\/stahl-schiffbau","title":{"rendered":"Steel construction\/shipbuilding"},"content":{"rendered":"<div data-elementor-type=\"wp-page\" data-elementor-id=\"1104\" class=\"elementor elementor-1104\" data-elementor-post-type=\"page\">\n\t\t\t\t<div class=\"elementor-element elementor-element-9f4701c e-con-full e-flex e-con e-parent\" data-id=\"9f4701c\" data-element_type=\"container\" data-settings=\"{&quot;background_background&quot;:&quot;classic&quot;}\">\n\t\t\t\t<div class=\"elementor-element elementor-element-7b3c42e elementor-widget elementor-widget-heading\" data-id=\"7b3c42e\" data-element_type=\"widget\" data-widget_type=\"heading.default\">\n\t\t\t\t<div class=\"elementor-widget-container\">\n\t\t\t\t\t<h1 class=\"elementor-heading-title elementor-size-default\">Steel construction\/shipbuilding<\/h1>\t\t\t\t<\/div>\n\t\t\t\t<\/div>\n\t\t\t\t<\/div>\n\t\t<div class=\"elementor-element elementor-element-d287d8e e-flex e-con-boxed e-con e-parent\" data-id=\"d287d8e\" data-element_type=\"container\">\n\t\t\t\t\t<div class=\"e-con-inner\">\n\t\t<div class=\"elementor-element elementor-element-f79ce8c e-con-full e-flex e-con e-child\" data-id=\"f79ce8c\" data-element_type=\"container\" data-settings=\"{&quot;background_background&quot;:&quot;classic&quot;}\">\n\t\t<div class=\"elementor-element elementor-element-3c3d341 e-flex e-con-boxed elementor-invisible e-con e-child\" data-id=\"3c3d341\" data-element_type=\"container\" data-settings=\"{&quot;background_background&quot;:&quot;classic&quot;,&quot;animation&quot;:&quot;zoomIn&quot;}\">\n\t\t\t\t\t<div class=\"e-con-inner\">\n\t\t\t\t\t<\/div>\n\t\t\t\t<\/div>\n\t\t\t\t<\/div>\n\t\t<div class=\"elementor-element elementor-element-aa675fc e-con-full e-flex e-con e-child\" data-id=\"aa675fc\" data-element_type=\"container\" data-settings=\"{&quot;background_background&quot;:&quot;classic&quot;}\">\n\t\t\t\t<div class=\"elementor-element elementor-element-9eb1837 elementor-view-default elementor-widget elementor-widget-icon\" data-id=\"9eb1837\" data-element_type=\"widget\" data-widget_type=\"icon.default\">\n\t\t\t\t<div class=\"elementor-widget-container\">\n\t\t\t\t\t\t\t<div class=\"elementor-icon-wrapper\">\n\t\t\t<div class=\"elementor-icon\">\n\t\t\t<i aria-hidden=\"true\" class=\"fas fa-ship\"><\/i>\t\t\t<\/div>\n\t\t<\/div>\n\t\t\t\t\t\t<\/div>\n\t\t\t\t<\/div>\n\t\t\t\t<div class=\"elementor-element elementor-element-2fe6def elementor-widget elementor-widget-text-editor\" data-id=\"2fe6def\" data-element_type=\"widget\" data-widget_type=\"text-editor.default\">\n\t\t\t\t<div class=\"elementor-widget-container\">\n\t\t\t\t\t\t\t\t\tRegular inspections, repairs and modernizations are required to renew the class and ensure maximum safety at sea. Necessary maintenance measures and the implementation of the associated adjustments are a basic requirement for smooth operation in shipyards, power plants and industrial facilities. \t\t\t\t\t\t\t\t<\/div>\n\t\t\t\t<\/div>\n\t\t\t\t<\/div>\n\t\t\t\t\t<\/div>\n\t\t\t\t<\/div>\n\t\t<div class=\"elementor-element elementor-element-2e7207d e-flex e-con-boxed e-con e-parent\" data-id=\"2e7207d\" data-element_type=\"container\">\n\t\t\t\t\t<div class=\"e-con-inner\">\n\t\t<div class=\"elementor-element elementor-element-e84ae3d e-con-full e-flex e-con e-child\" data-id=\"e84ae3d\" data-element_type=\"container\" data-settings=\"{&quot;background_background&quot;:&quot;classic&quot;}\">\n\t\t\t\t<div class=\"elementor-element elementor-element-97d58e8 elementor-view-default elementor-widget elementor-widget-icon\" data-id=\"97d58e8\" data-element_type=\"widget\" data-widget_type=\"icon.default\">\n\t\t\t\t<div class=\"elementor-widget-container\">\n\t\t\t\t\t\t\t<div class=\"elementor-icon-wrapper\">\n\t\t\t<div class=\"elementor-icon\">\n\t\t\t<i aria-hidden=\"true\" class=\"fas fa-tools\"><\/i>\t\t\t<\/div>\n\t\t<\/div>\n\t\t\t\t\t\t<\/div>\n\t\t\t\t<\/div>\n\t\t\t\t<div class=\"elementor-element elementor-element-f073afe elementor-widget elementor-widget-text-editor\" data-id=\"f073afe\" data-element_type=\"widget\" data-widget_type=\"text-editor.default\">\n\t\t\t\t<div class=\"elementor-widget-container\">\n\t\t\t\t\t\t\t\t\t<p>In addition to the maintenance and the repair of valves and pumps, our company offers a range of specific mechanical engineering and shipbuilding services.<\/p><p>Together with our field services: conveying, lifting, control and steering systems; we offer design development of steel construction adaptations and their implementation.<\/p>\t\t\t\t\t\t\t\t<\/div>\n\t\t\t\t<\/div>\n\t\t\t\t<\/div>\n\t\t<div class=\"elementor-element elementor-element-613720d e-con-full e-flex e-con e-child\" data-id=\"613720d\" data-element_type=\"container\" data-settings=\"{&quot;background_background&quot;:&quot;classic&quot;}\">\n\t\t<div class=\"elementor-element elementor-element-ddfc8b7 e-flex e-con-boxed elementor-invisible e-con e-child\" data-id=\"ddfc8b7\" data-element_type=\"container\" data-settings=\"{&quot;background_background&quot;:&quot;classic&quot;,&quot;animation&quot;:&quot;zoomIn&quot;}\">\n\t\t\t\t\t<div class=\"e-con-inner\">\n\t\t\t\t\t<\/div>\n\t\t\t\t<\/div>\n\t\t\t\t<\/div>\n\t\t\t\t\t<\/div>\n\t\t\t\t<\/div>\n\t\t<div class=\"elementor-element elementor-element-3229b68 e-flex e-con-boxed e-con e-parent\" data-id=\"3229b68\" data-element_type=\"container\">\n\t\t\t\t\t<div class=\"e-con-inner\">\n\t\t<div class=\"elementor-element elementor-element-b79a6a2 e-con-full e-flex e-con e-child\" data-id=\"b79a6a2\" data-element_type=\"container\" data-settings=\"{&quot;background_background&quot;:&quot;classic&quot;}\">\n\t\t<div class=\"elementor-element elementor-element-40b2073 e-flex e-con-boxed elementor-invisible e-con e-child\" data-id=\"40b2073\" data-element_type=\"container\" data-settings=\"{&quot;background_background&quot;:&quot;classic&quot;,&quot;animation&quot;:&quot;zoomIn&quot;}\">\n\t\t\t\t\t<div class=\"e-con-inner\">\n\t\t\t\t\t<\/div>\n\t\t\t\t<\/div>\n\t\t\t\t<\/div>\n\t\t<div class=\"elementor-element elementor-element-1b462c6 e-con-full e-flex e-con e-child\" data-id=\"1b462c6\" data-element_type=\"container\" data-settings=\"{&quot;background_background&quot;:&quot;classic&quot;}\">\n\t\t\t\t<div class=\"elementor-element elementor-element-59aa0ba elementor-view-default elementor-widget elementor-widget-icon\" data-id=\"59aa0ba\" data-element_type=\"widget\" data-widget_type=\"icon.default\">\n\t\t\t\t<div class=\"elementor-widget-container\">\n\t\t\t\t\t\t\t<div class=\"elementor-icon-wrapper\">\n\t\t\t<div class=\"elementor-icon\">\n\t\t\t<i aria-hidden=\"true\" class=\"fas fa-certificate\"><\/i>\t\t\t<\/div>\n\t\t<\/div>\n\t\t\t\t\t\t<\/div>\n\t\t\t\t<\/div>\n\t\t\t\t<div class=\"elementor-element elementor-element-4e981f3 elementor-widget elementor-widget-text-editor\" data-id=\"4e981f3\" data-element_type=\"widget\" data-widget_type=\"text-editor.default\">\n\t\t\t\t<div class=\"elementor-widget-container\">\n\t\t\t\t\t\t\t\t\tThe projects are implemented in close cooperation with the respective classification and acceptance societies.\t\t\t\t\t\t\t\t<\/div>\n\t\t\t\t<\/div>\n\t\t\t\t<\/div>\n\t\t\t\t\t<\/div>\n\t\t\t\t<\/div>\n\t\t<div class=\"elementor-element elementor-element-0c6ba0f e-flex e-con-boxed e-con e-parent\" data-id=\"0c6ba0f\" data-element_type=\"container\" data-settings=\"{&quot;background_background&quot;:&quot;classic&quot;}\">\n\t\t\t\t\t<div class=\"e-con-inner\">\n\t\t\t\t<div class=\"elementor-element elementor-element-f60eb66 elementor-align-center elementor-widget elementor-widget-button\" data-id=\"f60eb66\" data-element_type=\"widget\" data-widget_type=\"button.default\">\n\t\t\t\t<div class=\"elementor-widget-container\">\n\t\t\t\t\t\t\t\t\t<div class=\"elementor-button-wrapper\">\n\t\t\t\t\t<a class=\"elementor-button elementor-button-link elementor-size-lg\" href=\"\/en\/referenzen\/\">\n\t\t\t\t\t\t<span class=\"elementor-button-content-wrapper\">\n\t\t\t\t\t\t\t\t\t<span class=\"elementor-button-text\">References<\/span>\n\t\t\t\t\t<\/span>\n\t\t\t\t\t<\/a>\n\t\t\t\t<\/div>\n\t\t\t\t\t\t\t\t<\/div>\n\t\t\t\t<\/div>\n\t\t\t\t\t<\/div>\n\t\t\t\t<\/div>\n\t\t\t\t<\/div>","protected":false},"excerpt":{"rendered":"<p>Stahl- und Schiffbau Zur Erneuerung der Klasse und einem H\u00f6chstma\u00df an Sicherheit auf See sind regelm\u00e4\u00dfige \u00dcberpr\u00fcfungen, Reparaturen und Modernisierungen erforderlich. Die notwendigen Instandhaltungsma\u00dfnahmen und die Umsetzung dazugeh\u00f6riger Anpassungen sind Grundvoraussetzung f\u00fcr einen reibungslosen Betrieb auf Werften und in Kraftwerks- und Industrieanlagen. Neben der Wartung und Instandhaltung der Armaturen und Pumpen bietet unser Unternehmen ein [&hellip;]<\/p>","protected":false},"author":2,"featured_media":0,"parent":0,"menu_order":0,"comment_status":"closed","ping_status":"closed","template":"","meta":{"footnotes":""},"class_list":["post-1104","page","type-page","status-publish","hentry"],"yoast_head":"<!-- This site is optimized with the Yoast SEO plugin v26.1.1 - https:\/\/yoast.com\/wordpress\/plugins\/seo\/ -->\n<title>Stahl- und Schiffbau - MAL Maschinen- und Armaturenwerkstatt<\/title>\n<meta name=\"description\" content=\"Spezifische maschinen- und schiffbauliche T\u00e4tigkeiten, Serviceleistungen f\u00fcr F\u00f6rder-, Hebe-, Regel- und Ruderanlagen, konstruktive Entwicklung stahlbaulicher Anpassungen und deren Umsetzung\" \/>\n<meta name=\"robots\" content=\"index, follow, max-snippet:-1, max-image-preview:large, max-video-preview:-1\" \/>\n<link rel=\"canonical\" href=\"https:\/\/mal-online.de\/en\/stahl-schiffbau\/\" \/>\n<meta property=\"og:locale\" content=\"en_GB\" \/>\n<meta property=\"og:type\" content=\"article\" \/>\n<meta property=\"og:title\" content=\"Stahl- und Schiffbau - MAL Maschinen- und Armaturenwerkstatt\" \/>\n<meta property=\"og:description\" content=\"Spezifische maschinen- und schiffbauliche T\u00e4tigkeiten, Serviceleistungen f\u00fcr F\u00f6rder-, Hebe-, Regel- und Ruderanlagen, konstruktive Entwicklung stahlbaulicher Anpassungen und deren Umsetzung\" \/>\n<meta property=\"og:url\" content=\"https:\/\/mal-online.de\/en\/stahl-schiffbau\/\" \/>\n<meta property=\"og:site_name\" content=\"MAL Maschinen- und Armaturenwerkstatt\" \/>\n<meta property=\"article:modified_time\" content=\"2024-04-05T13:25:52+00:00\" \/>\n<meta name=\"twitter:card\" content=\"summary_large_image\" \/>\n<meta name=\"twitter:label1\" content=\"Estimated reading time\" \/>\n\t<meta name=\"twitter:data1\" content=\"1 minute\" \/>\n<script type=\"application\/ld+json\" class=\"yoast-schema-graph\">{\"@context\":\"https:\/\/schema.org\",\"@graph\":[{\"@type\":\"WebPage\",\"@id\":\"https:\/\/mal-online.de\/stahl-schiffbau\",\"url\":\"https:\/\/mal-online.de\/stahl-schiffbau\",\"name\":\"Stahl- und Schiffbau - MAL Maschinen- und Armaturenwerkstatt\",\"isPartOf\":{\"@id\":\"https:\/\/mal-online.de\/#website\"},\"datePublished\":\"2024-03-04T04:28:09+00:00\",\"dateModified\":\"2024-04-05T13:25:52+00:00\",\"description\":\"Spezifische maschinen- und schiffbauliche T\u00e4tigkeiten, Serviceleistungen f\u00fcr F\u00f6rder-, Hebe-, Regel- und Ruderanlagen, konstruktive Entwicklung stahlbaulicher Anpassungen und deren Umsetzung\",\"breadcrumb\":{\"@id\":\"https:\/\/mal-online.de\/stahl-schiffbau#breadcrumb\"},\"inLanguage\":\"en-GB\",\"potentialAction\":[{\"@type\":\"ReadAction\",\"target\":[\"https:\/\/mal-online.de\/stahl-schiffbau\"]}]},{\"@type\":\"BreadcrumbList\",\"@id\":\"https:\/\/mal-online.de\/stahl-schiffbau#breadcrumb\",\"itemListElement\":[{\"@type\":\"ListItem\",\"position\":1,\"name\":\"Startseite\",\"item\":\"https:\/\/mal-online.de\/\"},{\"@type\":\"ListItem\",\"position\":2,\"name\":\"Stahl- und Schiffbau\"}]},{\"@type\":\"WebSite\",\"@id\":\"https:\/\/mal-online.de\/#website\",\"url\":\"https:\/\/mal-online.de\/\",\"name\":\"MAL Maschinen- und Armaturenwerkstatt Lubmin\",\"description\":\"\",\"publisher\":{\"@id\":\"https:\/\/mal-online.de\/#organization\"},\"potentialAction\":[{\"@type\":\"SearchAction\",\"target\":{\"@type\":\"EntryPoint\",\"urlTemplate\":\"https:\/\/mal-online.de\/?s={search_term_string}\"},\"query-input\":{\"@type\":\"PropertyValueSpecification\",\"valueRequired\":true,\"valueName\":\"search_term_string\"}}],\"inLanguage\":\"en-GB\"},{\"@type\":\"Organization\",\"@id\":\"https:\/\/mal-online.de\/#organization\",\"name\":\"MAL Maschinen- und Armaturenwerkstatt Lubmin\",\"url\":\"https:\/\/mal-online.de\/\",\"logo\":{\"@type\":\"ImageObject\",\"inLanguage\":\"en-GB\",\"@id\":\"https:\/\/mal-online.de\/#\/schema\/logo\/image\/\",\"url\":\"https:\/\/mal-online.de\/wp-content\/uploads\/2022\/12\/MAL-Logo-500x500-1.jpg\",\"contentUrl\":\"https:\/\/mal-online.de\/wp-content\/uploads\/2022\/12\/MAL-Logo-500x500-1.jpg\",\"width\":500,\"height\":500,\"caption\":\"MAL Maschinen- und Armaturenwerkstatt Lubmin\"},\"image\":{\"@id\":\"https:\/\/mal-online.de\/#\/schema\/logo\/image\/\"}}]}<\/script>\n<!-- \/ Yoast SEO plugin. -->","yoast_head_json":{"title":"Stahl- und Schiffbau - MAL Maschinen- und Armaturenwerkstatt","description":"Spezifische maschinen- und schiffbauliche T\u00e4tigkeiten, Serviceleistungen f\u00fcr F\u00f6rder-, Hebe-, Regel- und Ruderanlagen, konstruktive Entwicklung stahlbaulicher Anpassungen und deren Umsetzung","robots":{"index":"index","follow":"follow","max-snippet":"max-snippet:-1","max-image-preview":"max-image-preview:large","max-video-preview":"max-video-preview:-1"},"canonical":"https:\/\/mal-online.de\/en\/stahl-schiffbau\/","og_locale":"en_GB","og_type":"article","og_title":"Stahl- und Schiffbau - MAL Maschinen- und Armaturenwerkstatt","og_description":"Spezifische maschinen- und schiffbauliche T\u00e4tigkeiten, Serviceleistungen f\u00fcr F\u00f6rder-, Hebe-, Regel- und Ruderanlagen, konstruktive Entwicklung stahlbaulicher Anpassungen und deren Umsetzung","og_url":"https:\/\/mal-online.de\/en\/stahl-schiffbau\/","og_site_name":"MAL Maschinen- und Armaturenwerkstatt","article_modified_time":"2024-04-05T13:25:52+00:00","twitter_card":"summary_large_image","twitter_misc":{"Estimated reading time":"1 minute"},"schema":{"@context":"https:\/\/schema.org","@graph":[{"@type":"WebPage","@id":"https:\/\/mal-online.de\/stahl-schiffbau","url":"https:\/\/mal-online.de\/stahl-schiffbau","name":"Stahl- und Schiffbau - MAL Maschinen- und Armaturenwerkstatt","isPartOf":{"@id":"https:\/\/mal-online.de\/#website"},"datePublished":"2024-03-04T04:28:09+00:00","dateModified":"2024-04-05T13:25:52+00:00","description":"Spezifische maschinen- und schiffbauliche T\u00e4tigkeiten, Serviceleistungen f\u00fcr F\u00f6rder-, Hebe-, Regel- und Ruderanlagen, konstruktive Entwicklung stahlbaulicher Anpassungen und deren Umsetzung","breadcrumb":{"@id":"https:\/\/mal-online.de\/stahl-schiffbau#breadcrumb"},"inLanguage":"en-GB","potentialAction":[{"@type":"ReadAction","target":["https:\/\/mal-online.de\/stahl-schiffbau"]}]},{"@type":"BreadcrumbList","@id":"https:\/\/mal-online.de\/stahl-schiffbau#breadcrumb","itemListElement":[{"@type":"ListItem","position":1,"name":"Startseite","item":"https:\/\/mal-online.de\/"},{"@type":"ListItem","position":2,"name":"Stahl- und Schiffbau"}]},{"@type":"WebSite","@id":"https:\/\/mal-online.de\/#website","url":"https:\/\/mal-online.de\/","name":"MAL Maschinen- und Armaturenwerkstatt Lubmin","description":"","publisher":{"@id":"https:\/\/mal-online.de\/#organization"},"potentialAction":[{"@type":"SearchAction","target":{"@type":"EntryPoint","urlTemplate":"https:\/\/mal-online.de\/?s={search_term_string}"},"query-input":{"@type":"PropertyValueSpecification","valueRequired":true,"valueName":"search_term_string"}}],"inLanguage":"en-GB"},{"@type":"Organization","@id":"https:\/\/mal-online.de\/#organization","name":"MAL Maschinen- und Armaturenwerkstatt Lubmin","url":"https:\/\/mal-online.de\/","logo":{"@type":"ImageObject","inLanguage":"en-GB","@id":"https:\/\/mal-online.de\/#\/schema\/logo\/image\/","url":"https:\/\/mal-online.de\/wp-content\/uploads\/2022\/12\/MAL-Logo-500x500-1.jpg","contentUrl":"https:\/\/mal-online.de\/wp-content\/uploads\/2022\/12\/MAL-Logo-500x500-1.jpg","width":500,"height":500,"caption":"MAL Maschinen- und Armaturenwerkstatt Lubmin"},"image":{"@id":"https:\/\/mal-online.de\/#\/schema\/logo\/image\/"}}]}},"_links":{"self":[{"href":"https:\/\/mal-online.de\/en\/wp-json\/wp\/v2\/pages\/1104","targetHints":{"allow":["GET"]}}],"collection":[{"href":"https:\/\/mal-online.de\/en\/wp-json\/wp\/v2\/pages"}],"about":[{"href":"https:\/\/mal-online.de\/en\/wp-json\/wp\/v2\/types\/page"}],"author":[{"embeddable":true,"href":"https:\/\/mal-online.de\/en\/wp-json\/wp\/v2\/users\/2"}],"replies":[{"embeddable":true,"href":"https:\/\/mal-online.de\/en\/wp-json\/wp\/v2\/comments?post=1104"}],"version-history":[{"count":75,"href":"https:\/\/mal-online.de\/en\/wp-json\/wp\/v2\/pages\/1104\/revisions"}],"predecessor-version":[{"id":2200,"href":"https:\/\/mal-online.de\/en\/wp-json\/wp\/v2\/pages\/1104\/revisions\/2200"}],"wp:attachment":[{"href":"https:\/\/mal-online.de\/en\/wp-json\/wp\/v2\/media?parent=1104"}],"curies":[{"name":"wp","href":"https:\/\/api.w.org\/{rel}","templated":true}]}}